{"id":76,"date":"2016-04-28T10:19:14","date_gmt":"2016-04-28T09:19:14","guid":{"rendered":"http:\/\/musiqueenchemin.fr\/blog\/?page_id=76"},"modified":"2019-07-22T13:02:03","modified_gmt":"2019-07-22T12:02:03","slug":"telechargez-le-programme","status":"publish","type":"page","link":"http:\/\/musiqueenchemin.fr\/index.php\/telechargez-le-programme\/","title":{"rendered":"T\u00e9l\u00e9chargez le programme"},"content":{"rendered":"<div class=\"row\">\n<div class=\"col-md-6\">\n<h3>Programme du festival 2016<\/h3>\n<p><a href=\"http:\/\/musiqueenchemin.fr\/wp-content\/uploads\/2016\/04\/brochure-festival-MeC-2016.pdf\"><img loading=\"lazy\" decoding=\"async\" src=\"http:\/\/musiqueenchemin.fr\/wp-content\/uploads\/2016\/04\/couv-festival-MeC-2016-211x300.jpg\" alt=\"couv-festival-MeC-2016\" width=\"211\" height=\"300\" class=\"alignnone size-medium wp-image-83\" srcset=\"http:\/\/musiqueenchemin.fr\/wp-content\/uploads\/2016\/04\/couv-festival-MeC-2016-211x300.jpg 211w, http:\/\/musiqueenchemin.fr\/wp-content\/uploads\/2016\/04\/couv-festival-MeC-2016-768x1089.jpg 768w, http:\/\/musiqueenchemin.fr\/wp-content\/uploads\/2016\/04\/couv-festival-MeC-2016-722x1024.jpg 722w, http:\/\/musiqueenchemin.fr\/wp-content\/uploads\/2016\/04\/couv-festival-MeC-2016-820x1163.jpg 820w, http:\/\/musiqueenchemin.fr\/wp-content\/uploads\/2016\/04\/couv-festival-MeC-2016.jpg 1749w\" sizes=\"auto, (max-width: 211px) 100vw, 211px\" \/><\/a>\n<\/div>\n<div class=\"col-md-6\">\n<h3>Coup d&#8217;\u0153il sur la saison 2016<\/h3>\n<p><a href=\"http:\/\/musiqueenchemin.fr\/wp-content\/uploads\/2016\/04\/3-volets-web.pdf\"><img loading=\"lazy\" decoding=\"async\" src=\"http:\/\/musiqueenchemin.fr\/wp-content\/uploads\/2016\/04\/3-volets-couv-web-200x300.jpg\" alt=\"3-volets-couv-web\" width=\"200\" height=\"300\" class=\"alignnone size-medium wp-image-779\" srcset=\"http:\/\/musiqueenchemin.fr\/wp-content\/uploads\/2016\/04\/3-volets-couv-web-200x300.jpg 200w, http:\/\/musiqueenchemin.fr\/wp-content\/uploads\/2016\/04\/3-volets-couv-web-768x1153.jpg 768w, http:\/\/musiqueenchemin.fr\/wp-content\/uploads\/2016\/04\/3-volets-couv-web-682x1024.jpg 682w, http:\/\/musiqueenchemin.fr\/wp-content\/uploads\/2016\/04\/3-volets-couv-web-600x901.jpg 600w, http:\/\/musiqueenchemin.fr\/wp-content\/uploads\/2016\/04\/3-volets-couv-web-820x1231.jpg 820w, http:\/\/musiqueenchemin.fr\/wp-content\/uploads\/2016\/04\/3-volets-couv-web.jpg 1180w\" sizes=\"auto, (max-width: 200px) 100vw, 200px\" \/><\/a>\n<\/div>\n","protected":false},"excerpt":{"rendered":"<p>Programme du festival 2016 Coup d&#8217;\u0153il sur la saison 2016<\/p>\n","protected":false},"author":1,"featured_media":0,"parent":0,"menu_order":0,"comment_status":"closed","ping_status":"closed","template":"","meta":{"cwp_meta_box_check":"","cwp_rev_product_name":"","cwp_rev_product_image":"","wppr_links":[],"cwp_rev_price":"","wppr_options":[],"wppr_pros":[],"wppr_cons":[],"footnotes":""},"class_list":["post-76","page","type-page","status-publish","hentry"],"wppr_data":[],"yoast_head":"<!-- This site is optimized with the Yoast SEO plugin v25.0 - https:\/\/yoast.com\/wordpress\/plugins\/seo\/ -->\n<title>T\u00e9l\u00e9chargez le programme - Musique en Chemin<\/title>\n<meta name=\"robots\" content=\"index, follow, max-snippet:-1, max-image-preview:large, max-video-preview:-1\" \/>\n<link rel=\"canonical\" href=\"http:\/\/musiqueenchemin.fr\/index.php\/telechargez-le-programme\/\" \/>\n<meta property=\"og:locale\" content=\"fr_FR\" \/>\n<meta property=\"og:type\" content=\"article\" \/>\n<meta property=\"og:title\" content=\"T\u00e9l\u00e9chargez le programme - Musique en Chemin\" \/>\n<meta property=\"og:description\" content=\"Programme du festival 2016 Coup d&#8217;\u0153il sur la saison 2016\" \/>\n<meta property=\"og:url\" content=\"http:\/\/musiqueenchemin.fr\/index.php\/telechargez-le-programme\/\" \/>\n<meta property=\"og:site_name\" content=\"Musique en Chemin\" \/>\n<meta property=\"article:modified_time\" content=\"2019-07-22T12:02:03+00:00\" \/>\n<meta property=\"og:image\" content=\"http:\/\/musiqueenchemin.fr\/wp-content\/uploads\/2016\/04\/couv-festival-MeC-2016-211x300.jpg\" \/>\n<meta name=\"twitter:card\" content=\"summary_large_image\" \/>\n<script type=\"application\/ld+json\" class=\"yoast-schema-graph\">{\"@context\":\"https:\/\/schema.org\",\"@graph\":[{\"@type\":\"WebPage\",\"@id\":\"http:\/\/musiqueenchemin.fr\/index.php\/telechargez-le-programme\/\",\"url\":\"http:\/\/musiqueenchemin.fr\/index.php\/telechargez-le-programme\/\",\"name\":\"T\u00e9l\u00e9chargez le programme - Musique en Chemin\",\"isPartOf\":{\"@id\":\"https:\/\/musiqueenchemin.fr\/#website\"},\"primaryImageOfPage\":{\"@id\":\"http:\/\/musiqueenchemin.fr\/index.php\/telechargez-le-programme\/#primaryimage\"},\"image\":{\"@id\":\"http:\/\/musiqueenchemin.fr\/index.php\/telechargez-le-programme\/#primaryimage\"},\"thumbnailUrl\":\"http:\/\/musiqueenchemin.fr\/wp-content\/uploads\/2016\/04\/couv-festival-MeC-2016-211x300.jpg\",\"datePublished\":\"2016-04-28T09:19:14+00:00\",\"dateModified\":\"2019-07-22T12:02:03+00:00\",\"breadcrumb\":{\"@id\":\"http:\/\/musiqueenchemin.fr\/index.php\/telechargez-le-programme\/#breadcrumb\"},\"inLanguage\":\"fr-FR\",\"potentialAction\":[{\"@type\":\"ReadAction\",\"target\":[\"http:\/\/musiqueenchemin.fr\/index.php\/telechargez-le-programme\/\"]}]},{\"@type\":\"ImageObject\",\"inLanguage\":\"fr-FR\",\"@id\":\"http:\/\/musiqueenchemin.fr\/index.php\/telechargez-le-programme\/#primaryimage\",\"url\":\"http:\/\/musiqueenchemin.fr\/wp-content\/uploads\/2016\/04\/couv-festival-MeC-2016.jpg\",\"contentUrl\":\"http:\/\/musiqueenchemin.fr\/wp-content\/uploads\/2016\/04\/couv-festival-MeC-2016.jpg\",\"width\":1749,\"height\":2481},{\"@type\":\"BreadcrumbList\",\"@id\":\"http:\/\/musiqueenchemin.fr\/index.php\/telechargez-le-programme\/#breadcrumb\",\"itemListElement\":[{\"@type\":\"ListItem\",\"position\":1,\"name\":\"Accueil\",\"item\":\"https:\/\/musiqueenchemin.fr\/\"},{\"@type\":\"ListItem\",\"position\":2,\"name\":\"T\u00e9l\u00e9chargez le programme\"}]},{\"@type\":\"WebSite\",\"@id\":\"https:\/\/musiqueenchemin.fr\/#website\",\"url\":\"https:\/\/musiqueenchemin.fr\/\",\"name\":\"Musique en Chemin\",\"description\":\"Saison &amp; Festival\",\"publisher\":{\"@id\":\"https:\/\/musiqueenchemin.fr\/#organization\"},\"potentialAction\":[{\"@type\":\"SearchAction\",\"target\":{\"@type\":\"EntryPoint\",\"urlTemplate\":\"https:\/\/musiqueenchemin.fr\/?s={search_term_string}\"},\"query-input\":{\"@type\":\"PropertyValueSpecification\",\"valueRequired\":true,\"valueName\":\"search_term_string\"}}],\"inLanguage\":\"fr-FR\"},{\"@type\":\"Organization\",\"@id\":\"https:\/\/musiqueenchemin.fr\/#organization\",\"name\":\"Musique en Chemin\",\"url\":\"https:\/\/musiqueenchemin.fr\/\",\"logo\":{\"@type\":\"ImageObject\",\"inLanguage\":\"fr-FR\",\"@id\":\"https:\/\/musiqueenchemin.fr\/#\/schema\/logo\/image\/\",\"url\":\"http:\/\/musiqueenchemin.fr\/wp-content\/uploads\/2024\/03\/huppe-jaune-2024.png\",\"contentUrl\":\"http:\/\/musiqueenchemin.fr\/wp-content\/uploads\/2024\/03\/huppe-jaune-2024.png\",\"width\":560,\"height\":387,\"caption\":\"Musique en Chemin\"},\"image\":{\"@id\":\"https:\/\/musiqueenchemin.fr\/#\/schema\/logo\/image\/\"}}]}<\/script>\n<!-- \/ Yoast SEO plugin. -->","yoast_head_json":{"title":"T\u00e9l\u00e9chargez le programme - Musique en Chemin","robots":{"index":"index","follow":"follow","max-snippet":"max-snippet:-1","max-image-preview":"max-image-preview:large","max-video-preview":"max-video-preview:-1"},"canonical":"http:\/\/musiqueenchemin.fr\/index.php\/telechargez-le-programme\/","og_locale":"fr_FR","og_type":"article","og_title":"T\u00e9l\u00e9chargez le programme - Musique en Chemin","og_description":"Programme du festival 2016 Coup d&#8217;\u0153il sur la saison 2016","og_url":"http:\/\/musiqueenchemin.fr\/index.php\/telechargez-le-programme\/","og_site_name":"Musique en Chemin","article_modified_time":"2019-07-22T12:02:03+00:00","og_image":[{"url":"http:\/\/musiqueenchemin.fr\/wp-content\/uploads\/2016\/04\/couv-festival-MeC-2016-211x300.jpg","type":"","width":"","height":""}],"twitter_card":"summary_large_image","schema":{"@context":"https:\/\/schema.org","@graph":[{"@type":"WebPage","@id":"http:\/\/musiqueenchemin.fr\/index.php\/telechargez-le-programme\/","url":"http:\/\/musiqueenchemin.fr\/index.php\/telechargez-le-programme\/","name":"T\u00e9l\u00e9chargez le programme - Musique en Chemin","isPartOf":{"@id":"https:\/\/musiqueenchemin.fr\/#website"},"primaryImageOfPage":{"@id":"http:\/\/musiqueenchemin.fr\/index.php\/telechargez-le-programme\/#primaryimage"},"image":{"@id":"http:\/\/musiqueenchemin.fr\/index.php\/telechargez-le-programme\/#primaryimage"},"thumbnailUrl":"http:\/\/musiqueenchemin.fr\/wp-content\/uploads\/2016\/04\/couv-festival-MeC-2016-211x300.jpg","datePublished":"2016-04-28T09:19:14+00:00","dateModified":"2019-07-22T12:02:03+00:00","breadcrumb":{"@id":"http:\/\/musiqueenchemin.fr\/index.php\/telechargez-le-programme\/#breadcrumb"},"inLanguage":"fr-FR","potentialAction":[{"@type":"ReadAction","target":["http:\/\/musiqueenchemin.fr\/index.php\/telechargez-le-programme\/"]}]},{"@type":"ImageObject","inLanguage":"fr-FR","@id":"http:\/\/musiqueenchemin.fr\/index.php\/telechargez-le-programme\/#primaryimage","url":"http:\/\/musiqueenchemin.fr\/wp-content\/uploads\/2016\/04\/couv-festival-MeC-2016.jpg","contentUrl":"http:\/\/musiqueenchemin.fr\/wp-content\/uploads\/2016\/04\/couv-festival-MeC-2016.jpg","width":1749,"height":2481},{"@type":"BreadcrumbList","@id":"http:\/\/musiqueenchemin.fr\/index.php\/telechargez-le-programme\/#breadcrumb","itemListElement":[{"@type":"ListItem","position":1,"name":"Accueil","item":"https:\/\/musiqueenchemin.fr\/"},{"@type":"ListItem","position":2,"name":"T\u00e9l\u00e9chargez le programme"}]},{"@type":"WebSite","@id":"https:\/\/musiqueenchemin.fr\/#website","url":"https:\/\/musiqueenchemin.fr\/","name":"Musique en Chemin","description":"Saison &amp; Festival","publisher":{"@id":"https:\/\/musiqueenchemin.fr\/#organization"},"potentialAction":[{"@type":"SearchAction","target":{"@type":"EntryPoint","urlTemplate":"https:\/\/musiqueenchemin.fr\/?s={search_term_string}"},"query-input":{"@type":"PropertyValueSpecification","valueRequired":true,"valueName":"search_term_string"}}],"inLanguage":"fr-FR"},{"@type":"Organization","@id":"https:\/\/musiqueenchemin.fr\/#organization","name":"Musique en Chemin","url":"https:\/\/musiqueenchemin.fr\/","logo":{"@type":"ImageObject","inLanguage":"fr-FR","@id":"https:\/\/musiqueenchemin.fr\/#\/schema\/logo\/image\/","url":"http:\/\/musiqueenchemin.fr\/wp-content\/uploads\/2024\/03\/huppe-jaune-2024.png","contentUrl":"http:\/\/musiqueenchemin.fr\/wp-content\/uploads\/2024\/03\/huppe-jaune-2024.png","width":560,"height":387,"caption":"Musique en Chemin"},"image":{"@id":"https:\/\/musiqueenchemin.fr\/#\/schema\/logo\/image\/"}}]}},"_links":{"self":[{"href":"http:\/\/musiqueenchemin.fr\/index.php\/wp-json\/wp\/v2\/pages\/76","targetHints":{"allow":["GET"]}}],"collection":[{"href":"http:\/\/musiqueenchemin.fr\/index.php\/wp-json\/wp\/v2\/pages"}],"about":[{"href":"http:\/\/musiqueenchemin.fr\/index.php\/wp-json\/wp\/v2\/types\/page"}],"author":[{"embeddable":true,"href":"http:\/\/musiqueenchemin.fr\/index.php\/wp-json\/wp\/v2\/users\/1"}],"replies":[{"embeddable":true,"href":"http:\/\/musiqueenchemin.fr\/index.php\/wp-json\/wp\/v2\/comments?post=76"}],"version-history":[{"count":5,"href":"http:\/\/musiqueenchemin.fr\/index.php\/wp-json\/wp\/v2\/pages\/76\/revisions"}],"predecessor-version":[{"id":781,"href":"http:\/\/musiqueenchemin.fr\/index.php\/wp-json\/wp\/v2\/pages\/76\/revisions\/781"}],"wp:attachment":[{"href":"http:\/\/musiqueenchemin.fr\/index.php\/wp-json\/wp\/v2\/media?parent=76"}],"curies":[{"name":"wp","href":"https:\/\/api.w.org\/{rel}","templated":true}]}}