{"id":159,"date":"2016-04-28T15:19:58","date_gmt":"2016-04-28T14:19:58","guid":{"rendered":"http:\/\/musiqueenchemin.fr\/blog\/?page_id=159"},"modified":"2025-07-17T09:53:30","modified_gmt":"2025-07-17T08:53:30","slug":"infos-pratiques-2","status":"publish","type":"page","link":"https:\/\/musiqueenchemin.fr\/index.php\/infos-pratiques-2\/","title":{"rendered":"Infos pratiques"},"content":{"rendered":"<h2>H\u00e9bergement<\/h2>\n<p>G\u00eetes de charme, chambres d\u2019h\u00f4tes, h\u00f4tels, campings&#8230;<br \/>\nretrouvez toute l\u2019offre d\u2019h\u00e9bergement \u00e0 proximit\u00e9 sur <a href=\"https:\/\/la-romieu.fr\/\" target=\"_blank\" rel=\"noopener noreferrer\">www.la-romieu.fr<\/a><br \/>\net bien d\u2019autres informations et propositions d\u2019activit\u00e9s sur le site du Comit\u00e9 D\u00e9partemental du Tourisme et des Loisirs<br \/>\n<a href=\"https:\/\/www.tourisme-gers.com\/\" target=\"_blank\" rel=\"noopener noreferrer\">www.tourisme-gers.com<\/a><\/p>\n<h2>Venir \u00e0 La Romieu<\/h2>\n<p><img loading=\"lazy\" decoding=\"async\" class=\"alignnone size-medium wp-image-3807\" src=\"http:\/\/musiqueenchemin.fr\/wp-content\/uploads\/2024\/05\/Capture-decran-2024-05-31-a-11.05.21-300x238.png\" alt=\"\" width=\"300\" height=\"238\" srcset=\"https:\/\/musiqueenchemin.fr\/wp-content\/uploads\/2024\/05\/Capture-decran-2024-05-31-a-11.05.21-300x238.png 300w, https:\/\/musiqueenchemin.fr\/wp-content\/uploads\/2024\/05\/Capture-decran-2024-05-31-a-11.05.21-1024x812.png 1024w, https:\/\/musiqueenchemin.fr\/wp-content\/uploads\/2024\/05\/Capture-decran-2024-05-31-a-11.05.21-768x609.png 768w, https:\/\/musiqueenchemin.fr\/wp-content\/uploads\/2024\/05\/Capture-decran-2024-05-31-a-11.05.21-1536x1219.png 1536w, https:\/\/musiqueenchemin.fr\/wp-content\/uploads\/2024\/05\/Capture-decran-2024-05-31-a-11.05.21-50x40.png 50w, https:\/\/musiqueenchemin.fr\/wp-content\/uploads\/2024\/05\/Capture-decran-2024-05-31-a-11.05.21-820x651.png 820w, https:\/\/musiqueenchemin.fr\/wp-content\/uploads\/2024\/05\/Capture-decran-2024-05-31-a-11.05.21.png 1646w\" sizes=\"auto, (max-width: 300px) 100vw, 300px\" \/><\/p>\n<p><a href=\"https:\/\/www.openstreetmap.org\/#map=14\/43.9833\/0.4998\">Afficher une carte plus grande\u00a0<\/a><\/p>\n<p><strong>Infos mobilit\u00e9\u00a0<\/strong><br \/>\n2 bornes de recharge pour v\u00e9hicule \u00e9lectrique sont disponibles sur la commune de La Romieu<\/p>\n<p><strong>Venez en covoiturage !\u00a0<\/strong><br \/>\nRendez-vous sur la plateforme <strong><a href=\"https:\/\/togetzer.com\/covoiturage-evenement\/0350wn\">togetzer.com<\/a><\/strong> pour r\u00e9server votre covoiturage ou proposer des trajets<\/p>\n<p>Et pour les plus sportifs&#8230;retrouvez les meilleurs itin\u00e9raires v\u00e9lo sur l&#8217;application <a href=\"https:\/\/geovelo.app\/fr\/\"><strong>G\u00e9oV\u00e9lo<\/strong><\/a> !<br \/>\nIl est possible de recharger vos v\u00e9los \u00e9lectriques sur le festival ! Adressez-vous au point d&#8217;accueil pour plus d&#8217;informations<\/p>\n<h2>Infos accessibilit\u00e9 PMR<\/h2>\n<p>Pour toutes questions concernant l&#8217;accessibilit\u00e9 aux manifestations pour les personnes en situation de handicap vous pouvez contacter Aur\u00e9lie Vadepied : +33 6 52 86 17 61<\/p>\n<hr \/>\n<h3>R\u00e9servez vos places<\/h3>\n<p>Rendez-vous sur <strong><a href=\"https:\/\/billetterie.festik.net\/musiqueenchemin\/\">FESTIK<\/a><\/strong><\/p>\n<h3>Tarifs du Festival<\/h3>\n<p><strong>Tarif A<\/strong> | Cat\u00e9gorie 1 : tarif plein : 26\u20ac &#8211; tarif r\u00e9duit* : 21\u20ac<br \/>\nCat\u00e9gorie 2 : tarif plein : 21\u20ac &#8211; tarif r\u00e9duit* : 16\u20ac<br \/>\nCat\u00e9gorie 3 : tarif plein : 11\u20ac (visibilit\u00e9 r\u00e9duite)<br \/>\nPour les 3 cat\u00e9gories, tarif unique de 10\u20ac pour les jeunes (12-18 ans)<br \/>\nGratuit moins de 12 ans<br \/>\n<strong>Tarif B<\/strong> | plein : 21\u202f\u20ac &#8211; r\u00e9duit* : 16\u202f\u20ac &#8211; concerts en placements libres<br \/>\n<strong>Tarif C<\/strong> | 6\u202f\u20ac (balade cont\u00e9e)<br \/>\n<strong>Tarif D<\/strong> | 11\u202f\u20ac (atelier cr\u00e9ativit\u00e9)<\/p>\n<p class=\"p1\"><i>Pour les tarifs A et B : Tarif unique de <\/i><i>11\u20ac pour les jeunes (12-18 ans) <\/i><i>et gratuit pour les moins de 12 ans<\/i><\/p>\n<h2>Profitez de notre <a href=\"https:\/\/billetterie.festik.net\/musiqueenchemin\/product\/pass-musique-en-chemin\">PASS MUSIQUE EN CHEMIN<\/a><\/h2>\n<h3>Acc\u00e8s \u00e0 tous les \u00e9v\u00e9nements en cat\u00e9gorie\u202f1<\/h3>\n<p>(ne comprend pas le concert du 15 ao\u00fbt)<\/p>\n<h4>Tarif : 96\u202f\u20ac<\/h4>\n<h5><strong><em>*Tarifs r\u00e9duits : <\/em><\/strong><i>Scolaires, \u00e9tudiants de moins de 26 ans, demandeurs d\u2019emploi, b\u00e9n\u00e9ficiaires du RSA et <\/i><i>de l\u2019AAH, familles nombreuses, Pass Culturel, p\u00e8lerins sur le chemin de Saint-Jacques de <\/i><i>Compostelle, Rom\u00e9viens. Pr\u00e9sentation des justificatifs originaux demand\u00e9e pour la d\u00e9livrance <\/i><i>des billets achet\u00e9s sur internet.<\/i><\/h5>\n","protected":false},"excerpt":{"rendered":"<p>H\u00e9bergement G\u00eetes de charme, chambres d\u2019h\u00f4tes, h\u00f4tels, campings&#8230; retrouvez toute l\u2019offre d\u2019h\u00e9bergement \u00e0 proximit\u00e9 sur www.la-romieu.fr et bien d\u2019autres informations et propositions d\u2019activit\u00e9s sur le site du Comit\u00e9 D\u00e9partemental du Tourisme et des Loisirs www.tourisme-gers.com Venir \u00e0 La Romieu Afficher [&hellip;]<\/p>\n","protected":false},"author":1,"featured_media":0,"parent":0,"menu_order":0,"comment_status":"closed","ping_status":"closed","template":"","meta":{"cwp_meta_box_check":"No","cwp_rev_product_name":"","cwp_rev_product_image":"","wppr_links":[],"cwp_rev_price":"","wppr_options":[],"wppr_pros":[],"wppr_cons":[],"footnotes":""},"class_list":["post-159","page","type-page","status-publish","hentry"],"wppr_data":{"cwp_meta_box_check":"No"},"yoast_head":"<!-- This site is optimized with the Yoast SEO plugin v25.0 - https:\/\/yoast.com\/wordpress\/plugins\/seo\/ -->\n<title>Infos pratiques -<\/title>\n<meta name=\"robots\" content=\"index, follow, max-snippet:-1, max-image-preview:large, max-video-preview:-1\" \/>\n<link rel=\"canonical\" href=\"https:\/\/musiqueenchemin.fr\/index.php\/infos-pratiques-2\/\" \/>\n<meta property=\"og:locale\" content=\"fr_FR\" \/>\n<meta property=\"og:type\" content=\"article\" \/>\n<meta property=\"og:title\" content=\"Infos pratiques -\" \/>\n<meta property=\"og:description\" content=\"H\u00e9bergement G\u00eetes de charme, chambres d\u2019h\u00f4tes, h\u00f4tels, campings&#8230; retrouvez toute l\u2019offre d\u2019h\u00e9bergement \u00e0 proximit\u00e9 sur www.la-romieu.fr et bien d\u2019autres informations et propositions d\u2019activit\u00e9s sur le site du Comit\u00e9 D\u00e9partemental du Tourisme et des Loisirs www.tourisme-gers.com Venir \u00e0 La Romieu Afficher [&hellip;]\" \/>\n<meta property=\"og:url\" content=\"https:\/\/musiqueenchemin.fr\/index.php\/infos-pratiques-2\/\" \/>\n<meta property=\"article:modified_time\" content=\"2025-07-17T08:53:30+00:00\" \/>\n<meta property=\"og:image\" content=\"http:\/\/musiqueenchemin.fr\/wp-content\/uploads\/2024\/05\/Capture-decran-2024-05-31-a-11.05.21-300x238.png\" \/>\n<meta name=\"twitter:card\" content=\"summary_large_image\" \/>\n<meta name=\"twitter:label1\" content=\"Dur\u00e9e de lecture estim\u00e9e\" \/>\n\t<meta name=\"twitter:data1\" content=\"2 minutes\" \/>\n<script type=\"application\/ld+json\" class=\"yoast-schema-graph\">{\"@context\":\"https:\/\/schema.org\",\"@graph\":[{\"@type\":\"WebPage\",\"@id\":\"https:\/\/musiqueenchemin.fr\/index.php\/infos-pratiques-2\/\",\"url\":\"https:\/\/musiqueenchemin.fr\/index.php\/infos-pratiques-2\/\",\"name\":\"Infos pratiques -\",\"isPartOf\":{\"@id\":\"https:\/\/musiqueenchemin.fr\/#website\"},\"primaryImageOfPage\":{\"@id\":\"https:\/\/musiqueenchemin.fr\/index.php\/infos-pratiques-2\/#primaryimage\"},\"image\":{\"@id\":\"https:\/\/musiqueenchemin.fr\/index.php\/infos-pratiques-2\/#primaryimage\"},\"thumbnailUrl\":\"http:\/\/musiqueenchemin.fr\/wp-content\/uploads\/2024\/05\/Capture-decran-2024-05-31-a-11.05.21-300x238.png\",\"datePublished\":\"2016-04-28T14:19:58+00:00\",\"dateModified\":\"2025-07-17T08:53:30+00:00\",\"breadcrumb\":{\"@id\":\"https:\/\/musiqueenchemin.fr\/index.php\/infos-pratiques-2\/#breadcrumb\"},\"inLanguage\":\"fr-FR\",\"potentialAction\":[{\"@type\":\"ReadAction\",\"target\":[\"https:\/\/musiqueenchemin.fr\/index.php\/infos-pratiques-2\/\"]}]},{\"@type\":\"ImageObject\",\"inLanguage\":\"fr-FR\",\"@id\":\"https:\/\/musiqueenchemin.fr\/index.php\/infos-pratiques-2\/#primaryimage\",\"url\":\"https:\/\/musiqueenchemin.fr\/wp-content\/uploads\/2024\/05\/Capture-decran-2024-05-31-a-11.05.21.png\",\"contentUrl\":\"https:\/\/musiqueenchemin.fr\/wp-content\/uploads\/2024\/05\/Capture-decran-2024-05-31-a-11.05.21.png\",\"width\":1646,\"height\":1306},{\"@type\":\"BreadcrumbList\",\"@id\":\"https:\/\/musiqueenchemin.fr\/index.php\/infos-pratiques-2\/#breadcrumb\",\"itemListElement\":[{\"@type\":\"ListItem\",\"position\":1,\"name\":\"Accueil\",\"item\":\"https:\/\/musiqueenchemin.fr\/\"},{\"@type\":\"ListItem\",\"position\":2,\"name\":\"Infos pratiques\"}]},{\"@type\":\"WebSite\",\"@id\":\"https:\/\/musiqueenchemin.fr\/#website\",\"url\":\"https:\/\/musiqueenchemin.fr\/\",\"name\":\"Musique en Chemin\",\"description\":\"\",\"publisher\":{\"@id\":\"https:\/\/musiqueenchemin.fr\/#organization\"},\"potentialAction\":[{\"@type\":\"SearchAction\",\"target\":{\"@type\":\"EntryPoint\",\"urlTemplate\":\"https:\/\/musiqueenchemin.fr\/?s={search_term_string}\"},\"query-input\":{\"@type\":\"PropertyValueSpecification\",\"valueRequired\":true,\"valueName\":\"search_term_string\"}}],\"inLanguage\":\"fr-FR\"},{\"@type\":\"Organization\",\"@id\":\"https:\/\/musiqueenchemin.fr\/#organization\",\"name\":\"Musique en Chemin\",\"url\":\"https:\/\/musiqueenchemin.fr\/\",\"logo\":{\"@type\":\"ImageObject\",\"inLanguage\":\"fr-FR\",\"@id\":\"https:\/\/musiqueenchemin.fr\/#\/schema\/logo\/image\/\",\"url\":\"http:\/\/musiqueenchemin.fr\/wp-content\/uploads\/2024\/03\/huppe-jaune-2024.png\",\"contentUrl\":\"http:\/\/musiqueenchemin.fr\/wp-content\/uploads\/2024\/03\/huppe-jaune-2024.png\",\"width\":560,\"height\":387,\"caption\":\"Musique en Chemin\"},\"image\":{\"@id\":\"https:\/\/musiqueenchemin.fr\/#\/schema\/logo\/image\/\"}}]}<\/script>\n<!-- \/ Yoast SEO plugin. -->","yoast_head_json":{"title":"Infos pratiques -","robots":{"index":"index","follow":"follow","max-snippet":"max-snippet:-1","max-image-preview":"max-image-preview:large","max-video-preview":"max-video-preview:-1"},"canonical":"https:\/\/musiqueenchemin.fr\/index.php\/infos-pratiques-2\/","og_locale":"fr_FR","og_type":"article","og_title":"Infos pratiques -","og_description":"H\u00e9bergement G\u00eetes de charme, chambres d\u2019h\u00f4tes, h\u00f4tels, campings&#8230; retrouvez toute l\u2019offre d\u2019h\u00e9bergement \u00e0 proximit\u00e9 sur www.la-romieu.fr et bien d\u2019autres informations et propositions d\u2019activit\u00e9s sur le site du Comit\u00e9 D\u00e9partemental du Tourisme et des Loisirs www.tourisme-gers.com Venir \u00e0 La Romieu Afficher [&hellip;]","og_url":"https:\/\/musiqueenchemin.fr\/index.php\/infos-pratiques-2\/","article_modified_time":"2025-07-17T08:53:30+00:00","og_image":[{"url":"http:\/\/musiqueenchemin.fr\/wp-content\/uploads\/2024\/05\/Capture-decran-2024-05-31-a-11.05.21-300x238.png","type":"","width":"","height":""}],"twitter_card":"summary_large_image","twitter_misc":{"Dur\u00e9e de lecture estim\u00e9e":"2 minutes"},"schema":{"@context":"https:\/\/schema.org","@graph":[{"@type":"WebPage","@id":"https:\/\/musiqueenchemin.fr\/index.php\/infos-pratiques-2\/","url":"https:\/\/musiqueenchemin.fr\/index.php\/infos-pratiques-2\/","name":"Infos pratiques -","isPartOf":{"@id":"https:\/\/musiqueenchemin.fr\/#website"},"primaryImageOfPage":{"@id":"https:\/\/musiqueenchemin.fr\/index.php\/infos-pratiques-2\/#primaryimage"},"image":{"@id":"https:\/\/musiqueenchemin.fr\/index.php\/infos-pratiques-2\/#primaryimage"},"thumbnailUrl":"http:\/\/musiqueenchemin.fr\/wp-content\/uploads\/2024\/05\/Capture-decran-2024-05-31-a-11.05.21-300x238.png","datePublished":"2016-04-28T14:19:58+00:00","dateModified":"2025-07-17T08:53:30+00:00","breadcrumb":{"@id":"https:\/\/musiqueenchemin.fr\/index.php\/infos-pratiques-2\/#breadcrumb"},"inLanguage":"fr-FR","potentialAction":[{"@type":"ReadAction","target":["https:\/\/musiqueenchemin.fr\/index.php\/infos-pratiques-2\/"]}]},{"@type":"ImageObject","inLanguage":"fr-FR","@id":"https:\/\/musiqueenchemin.fr\/index.php\/infos-pratiques-2\/#primaryimage","url":"https:\/\/musiqueenchemin.fr\/wp-content\/uploads\/2024\/05\/Capture-decran-2024-05-31-a-11.05.21.png","contentUrl":"https:\/\/musiqueenchemin.fr\/wp-content\/uploads\/2024\/05\/Capture-decran-2024-05-31-a-11.05.21.png","width":1646,"height":1306},{"@type":"BreadcrumbList","@id":"https:\/\/musiqueenchemin.fr\/index.php\/infos-pratiques-2\/#breadcrumb","itemListElement":[{"@type":"ListItem","position":1,"name":"Accueil","item":"https:\/\/musiqueenchemin.fr\/"},{"@type":"ListItem","position":2,"name":"Infos pratiques"}]},{"@type":"WebSite","@id":"https:\/\/musiqueenchemin.fr\/#website","url":"https:\/\/musiqueenchemin.fr\/","name":"Musique en Chemin","description":"","publisher":{"@id":"https:\/\/musiqueenchemin.fr\/#organization"},"potentialAction":[{"@type":"SearchAction","target":{"@type":"EntryPoint","urlTemplate":"https:\/\/musiqueenchemin.fr\/?s={search_term_string}"},"query-input":{"@type":"PropertyValueSpecification","valueRequired":true,"valueName":"search_term_string"}}],"inLanguage":"fr-FR"},{"@type":"Organization","@id":"https:\/\/musiqueenchemin.fr\/#organization","name":"Musique en Chemin","url":"https:\/\/musiqueenchemin.fr\/","logo":{"@type":"ImageObject","inLanguage":"fr-FR","@id":"https:\/\/musiqueenchemin.fr\/#\/schema\/logo\/image\/","url":"http:\/\/musiqueenchemin.fr\/wp-content\/uploads\/2024\/03\/huppe-jaune-2024.png","contentUrl":"http:\/\/musiqueenchemin.fr\/wp-content\/uploads\/2024\/03\/huppe-jaune-2024.png","width":560,"height":387,"caption":"Musique en Chemin"},"image":{"@id":"https:\/\/musiqueenchemin.fr\/#\/schema\/logo\/image\/"}}]}},"_links":{"self":[{"href":"https:\/\/musiqueenchemin.fr\/index.php\/wp-json\/wp\/v2\/pages\/159","targetHints":{"allow":["GET"]}}],"collection":[{"href":"https:\/\/musiqueenchemin.fr\/index.php\/wp-json\/wp\/v2\/pages"}],"about":[{"href":"https:\/\/musiqueenchemin.fr\/index.php\/wp-json\/wp\/v2\/types\/page"}],"author":[{"embeddable":true,"href":"https:\/\/musiqueenchemin.fr\/index.php\/wp-json\/wp\/v2\/users\/1"}],"replies":[{"embeddable":true,"href":"https:\/\/musiqueenchemin.fr\/index.php\/wp-json\/wp\/v2\/comments?post=159"}],"version-history":[{"count":34,"href":"https:\/\/musiqueenchemin.fr\/index.php\/wp-json\/wp\/v2\/pages\/159\/revisions"}],"predecessor-version":[{"id":4262,"href":"https:\/\/musiqueenchemin.fr\/index.php\/wp-json\/wp\/v2\/pages\/159\/revisions\/4262"}],"wp:attachment":[{"href":"https:\/\/musiqueenchemin.fr\/index.php\/wp-json\/wp\/v2\/media?parent=159"}],"curies":[{"name":"wp","href":"https:\/\/api.w.org\/{rel}","templated":true}]}}