{"id":1615,"date":"2017-07-07T10:57:14","date_gmt":"2017-07-07T09:57:14","guid":{"rendered":"http:\/\/musiqueenchemin.fr\/?page_id=1615"},"modified":"2019-07-22T12:51:59","modified_gmt":"2019-07-22T11:51:59","slug":"le-domaine-de-pellhaut-mecene-de-musique-en-chemin","status":"publish","type":"page","link":"https:\/\/musiqueenchemin.fr\/index.php\/le-domaine-de-pellhaut-mecene-de-musique-en-chemin\/","title":{"rendered":"Le Domaine de Pellehaut, m\u00e9c\u00e8ne de Musique en Chemin"},"content":{"rendered":"<p><img loading=\"lazy\" decoding=\"async\" class=\"wp-image-1611 aligncenter\" src=\"http:\/\/musiqueenchemin.fr\/wp-content\/uploads\/2016\/04\/pellehaut-remerciements-1024x283.png\" alt=\"\" width=\"669\" height=\"185\" srcset=\"https:\/\/musiqueenchemin.fr\/wp-content\/uploads\/2016\/04\/pellehaut-remerciements-1024x283.png 1024w, https:\/\/musiqueenchemin.fr\/wp-content\/uploads\/2016\/04\/pellehaut-remerciements-300x83.png 300w, https:\/\/musiqueenchemin.fr\/wp-content\/uploads\/2016\/04\/pellehaut-remerciements-768x212.png 768w, https:\/\/musiqueenchemin.fr\/wp-content\/uploads\/2016\/04\/pellehaut-remerciements-600x166.png 600w, https:\/\/musiqueenchemin.fr\/wp-content\/uploads\/2016\/04\/pellehaut-remerciements-820x227.png 820w, https:\/\/musiqueenchemin.fr\/wp-content\/uploads\/2016\/04\/pellehaut-remerciements.png 1594w\" sizes=\"auto, (max-width: 669px) 100vw, 669px\" \/><\/p>\n<p>&nbsp;<\/p>\n<hr>\n<h4>Le respect des m\u00e9thodes ancestrales et de l\u2019\u00e9quilibre naturel, associ\u00e9 \u00e0 une rigueur scientifique et \u00e0 un souci permanent de qualit\u00e9 et d\u2019innovation caract\u00e9risent l\u2019esprit du travail men\u00e9 au Domaine de Pellehaut et trouvent un \u00e9cho tout naturel au travail sur le r\u00e9pertoire et la programmation men\u00e9 par Fr\u00e9d\u00e9ric B\u00e9tous et La Main Harmonique.<br \/>\nNous vous souhaitons donc une tr\u00e8s belle d\u00e9couverte de ces saveurs.<\/h4>\n<hr>\n<h4><a href=\"http:\/\/www.pellehaut.com\/\"><img loading=\"lazy\" decoding=\"async\" class=\"wp-image-1610 alignleft\" src=\"http:\/\/musiqueenchemin.fr\/wp-content\/uploads\/2016\/04\/logo-pellehaut-300x211.png\" alt=\"\" width=\"165\" height=\"116\" srcset=\"https:\/\/musiqueenchemin.fr\/wp-content\/uploads\/2016\/04\/logo-pellehaut-300x211.png 300w, https:\/\/musiqueenchemin.fr\/wp-content\/uploads\/2016\/04\/logo-pellehaut-768x540.png 768w, https:\/\/musiqueenchemin.fr\/wp-content\/uploads\/2016\/04\/logo-pellehaut-1024x719.png 1024w, https:\/\/musiqueenchemin.fr\/wp-content\/uploads\/2016\/04\/logo-pellehaut-600x422.png 600w, https:\/\/musiqueenchemin.fr\/wp-content\/uploads\/2016\/04\/logo-pellehaut-820x576.png 820w, https:\/\/musiqueenchemin.fr\/wp-content\/uploads\/2016\/04\/logo-pellehaut.png 1123w\" sizes=\"auto, (max-width: 165px) 100vw, 165px\" \/><\/a><\/h4>\n<h3>Pour leur rendre visite et d\u00e9guster leur production :<\/h3>\n<h4>Domaine de Pellehaut &#8211; 32250 Montr\u00e9al du Gers<br \/>\nT\u00e9l. : 05.62.29.48.79<br \/>\n<a href=\"http:\/\/www.pellehaut.com\/\">www.pellehaut.com<\/a><\/h4>\n<p>&nbsp;<\/p>\n<hr>\n<p><img loading=\"lazy\" decoding=\"async\" class=\"alignnone size-large wp-image-1616\" src=\"http:\/\/musiqueenchemin.fr\/wp-content\/uploads\/2017\/07\/pellehaut-visuels-1024x482.png\" alt=\"\" width=\"1024\" height=\"482\" srcset=\"https:\/\/musiqueenchemin.fr\/wp-content\/uploads\/2017\/07\/pellehaut-visuels-1024x482.png 1024w, https:\/\/musiqueenchemin.fr\/wp-content\/uploads\/2017\/07\/pellehaut-visuels-300x141.png 300w, https:\/\/musiqueenchemin.fr\/wp-content\/uploads\/2017\/07\/pellehaut-visuels-768x361.png 768w, https:\/\/musiqueenchemin.fr\/wp-content\/uploads\/2017\/07\/pellehaut-visuels-600x282.png 600w, https:\/\/musiqueenchemin.fr\/wp-content\/uploads\/2017\/07\/pellehaut-visuels-820x386.png 820w, https:\/\/musiqueenchemin.fr\/wp-content\/uploads\/2017\/07\/pellehaut-visuels.png 2028w\" sizes=\"auto, (max-width: 1024px) 100vw, 1024px\" \/><\/p>\n","protected":false},"excerpt":{"rendered":"<p>&nbsp; Le respect des m\u00e9thodes ancestrales et de l\u2019\u00e9quilibre naturel, associ\u00e9 \u00e0 une rigueur scientifique et \u00e0 un souci permanent de qualit\u00e9 et d\u2019innovation caract\u00e9risent l\u2019esprit du travail men\u00e9 au Domaine de Pellehaut et trouvent un \u00e9cho tout naturel au travail sur le r\u00e9pertoire et la programmation men\u00e9 par Fr\u00e9d\u00e9ric B\u00e9tous et La Main Harmonique. [&hellip;]<\/p>\n","protected":false},"author":1,"featured_media":0,"parent":0,"menu_order":0,"comment_status":"closed","ping_status":"closed","template":"","meta":{"cwp_meta_box_check":"No","cwp_rev_product_name":"","cwp_rev_product_image":"","wppr_links":[],"cwp_rev_price":"","wppr_options":[],"wppr_pros":[],"wppr_cons":[],"footnotes":""},"class_list":["post-1615","page","type-page","status-publish","hentry"],"wppr_data":{"cwp_meta_box_check":"No"},"yoast_head":"<!-- This site is optimized with the Yoast SEO plugin v25.0 - https:\/\/yoast.com\/wordpress\/plugins\/seo\/ -->\n<title>Le Domaine de Pellehaut, m\u00e9c\u00e8ne de Musique en Chemin - Musique en Chemin<\/title>\n<meta name=\"robots\" content=\"index, follow, max-snippet:-1, max-image-preview:large, max-video-preview:-1\" \/>\n<link rel=\"canonical\" href=\"https:\/\/musiqueenchemin.fr\/index.php\/le-domaine-de-pellhaut-mecene-de-musique-en-chemin\/\" \/>\n<meta property=\"og:locale\" content=\"fr_FR\" \/>\n<meta property=\"og:type\" content=\"article\" \/>\n<meta property=\"og:title\" content=\"Le Domaine de Pellehaut, m\u00e9c\u00e8ne de Musique en Chemin - Musique en Chemin\" \/>\n<meta property=\"og:description\" content=\"&nbsp; Le respect des m\u00e9thodes ancestrales et de l\u2019\u00e9quilibre naturel, associ\u00e9 \u00e0 une rigueur scientifique et \u00e0 un souci permanent de qualit\u00e9 et d\u2019innovation caract\u00e9risent l\u2019esprit du travail men\u00e9 au Domaine de Pellehaut et trouvent un \u00e9cho tout naturel au travail sur le r\u00e9pertoire et la programmation men\u00e9 par Fr\u00e9d\u00e9ric B\u00e9tous et La Main Harmonique. [&hellip;]\" \/>\n<meta property=\"og:url\" content=\"https:\/\/musiqueenchemin.fr\/index.php\/le-domaine-de-pellhaut-mecene-de-musique-en-chemin\/\" \/>\n<meta property=\"og:site_name\" content=\"Musique en Chemin\" \/>\n<meta property=\"article:modified_time\" content=\"2019-07-22T11:51:59+00:00\" \/>\n<meta property=\"og:image\" content=\"http:\/\/musiqueenchemin.fr\/wp-content\/uploads\/2016\/04\/pellehaut-remerciements-1024x283.png\" \/>\n<meta name=\"twitter:card\" content=\"summary_large_image\" \/>\n<script type=\"application\/ld+json\" class=\"yoast-schema-graph\">{\"@context\":\"https:\/\/schema.org\",\"@graph\":[{\"@type\":\"WebPage\",\"@id\":\"https:\/\/musiqueenchemin.fr\/index.php\/le-domaine-de-pellhaut-mecene-de-musique-en-chemin\/\",\"url\":\"https:\/\/musiqueenchemin.fr\/index.php\/le-domaine-de-pellhaut-mecene-de-musique-en-chemin\/\",\"name\":\"Le Domaine de Pellehaut, m\u00e9c\u00e8ne de Musique en Chemin - Musique en Chemin\",\"isPartOf\":{\"@id\":\"https:\/\/musiqueenchemin.fr\/#website\"},\"primaryImageOfPage\":{\"@id\":\"https:\/\/musiqueenchemin.fr\/index.php\/le-domaine-de-pellhaut-mecene-de-musique-en-chemin\/#primaryimage\"},\"image\":{\"@id\":\"https:\/\/musiqueenchemin.fr\/index.php\/le-domaine-de-pellhaut-mecene-de-musique-en-chemin\/#primaryimage\"},\"thumbnailUrl\":\"http:\/\/musiqueenchemin.fr\/wp-content\/uploads\/2016\/04\/pellehaut-remerciements-1024x283.png\",\"datePublished\":\"2017-07-07T09:57:14+00:00\",\"dateModified\":\"2019-07-22T11:51:59+00:00\",\"breadcrumb\":{\"@id\":\"https:\/\/musiqueenchemin.fr\/index.php\/le-domaine-de-pellhaut-mecene-de-musique-en-chemin\/#breadcrumb\"},\"inLanguage\":\"fr-FR\",\"potentialAction\":[{\"@type\":\"ReadAction\",\"target\":[\"https:\/\/musiqueenchemin.fr\/index.php\/le-domaine-de-pellhaut-mecene-de-musique-en-chemin\/\"]}]},{\"@type\":\"ImageObject\",\"inLanguage\":\"fr-FR\",\"@id\":\"https:\/\/musiqueenchemin.fr\/index.php\/le-domaine-de-pellhaut-mecene-de-musique-en-chemin\/#primaryimage\",\"url\":\"https:\/\/musiqueenchemin.fr\/wp-content\/uploads\/2016\/04\/pellehaut-remerciements.png\",\"contentUrl\":\"https:\/\/musiqueenchemin.fr\/wp-content\/uploads\/2016\/04\/pellehaut-remerciements.png\",\"width\":1594,\"height\":441},{\"@type\":\"BreadcrumbList\",\"@id\":\"https:\/\/musiqueenchemin.fr\/index.php\/le-domaine-de-pellhaut-mecene-de-musique-en-chemin\/#breadcrumb\",\"itemListElement\":[{\"@type\":\"ListItem\",\"position\":1,\"name\":\"Accueil\",\"item\":\"https:\/\/musiqueenchemin.fr\/\"},{\"@type\":\"ListItem\",\"position\":2,\"name\":\"Le Domaine de Pellehaut, m\u00e9c\u00e8ne de Musique en Chemin\"}]},{\"@type\":\"WebSite\",\"@id\":\"https:\/\/musiqueenchemin.fr\/#website\",\"url\":\"https:\/\/musiqueenchemin.fr\/\",\"name\":\"Musique en Chemin\",\"description\":\"Saison &amp; Festival\",\"publisher\":{\"@id\":\"https:\/\/musiqueenchemin.fr\/#organization\"},\"potentialAction\":[{\"@type\":\"SearchAction\",\"target\":{\"@type\":\"EntryPoint\",\"urlTemplate\":\"https:\/\/musiqueenchemin.fr\/?s={search_term_string}\"},\"query-input\":{\"@type\":\"PropertyValueSpecification\",\"valueRequired\":true,\"valueName\":\"search_term_string\"}}],\"inLanguage\":\"fr-FR\"},{\"@type\":\"Organization\",\"@id\":\"https:\/\/musiqueenchemin.fr\/#organization\",\"name\":\"Musique en Chemin\",\"url\":\"https:\/\/musiqueenchemin.fr\/\",\"logo\":{\"@type\":\"ImageObject\",\"inLanguage\":\"fr-FR\",\"@id\":\"https:\/\/musiqueenchemin.fr\/#\/schema\/logo\/image\/\",\"url\":\"http:\/\/musiqueenchemin.fr\/wp-content\/uploads\/2024\/03\/huppe-jaune-2024.png\",\"contentUrl\":\"http:\/\/musiqueenchemin.fr\/wp-content\/uploads\/2024\/03\/huppe-jaune-2024.png\",\"width\":560,\"height\":387,\"caption\":\"Musique en Chemin\"},\"image\":{\"@id\":\"https:\/\/musiqueenchemin.fr\/#\/schema\/logo\/image\/\"}}]}<\/script>\n<!-- \/ Yoast SEO plugin. -->","yoast_head_json":{"title":"Le Domaine de Pellehaut, m\u00e9c\u00e8ne de Musique en Chemin - Musique en Chemin","robots":{"index":"index","follow":"follow","max-snippet":"max-snippet:-1","max-image-preview":"max-image-preview:large","max-video-preview":"max-video-preview:-1"},"canonical":"https:\/\/musiqueenchemin.fr\/index.php\/le-domaine-de-pellhaut-mecene-de-musique-en-chemin\/","og_locale":"fr_FR","og_type":"article","og_title":"Le Domaine de Pellehaut, m\u00e9c\u00e8ne de Musique en Chemin - Musique en Chemin","og_description":"&nbsp; Le respect des m\u00e9thodes ancestrales et de l\u2019\u00e9quilibre naturel, associ\u00e9 \u00e0 une rigueur scientifique et \u00e0 un souci permanent de qualit\u00e9 et d\u2019innovation caract\u00e9risent l\u2019esprit du travail men\u00e9 au Domaine de Pellehaut et trouvent un \u00e9cho tout naturel au travail sur le r\u00e9pertoire et la programmation men\u00e9 par Fr\u00e9d\u00e9ric B\u00e9tous et La Main Harmonique. [&hellip;]","og_url":"https:\/\/musiqueenchemin.fr\/index.php\/le-domaine-de-pellhaut-mecene-de-musique-en-chemin\/","og_site_name":"Musique en Chemin","article_modified_time":"2019-07-22T11:51:59+00:00","og_image":[{"url":"http:\/\/musiqueenchemin.fr\/wp-content\/uploads\/2016\/04\/pellehaut-remerciements-1024x283.png","type":"","width":"","height":""}],"twitter_card":"summary_large_image","schema":{"@context":"https:\/\/schema.org","@graph":[{"@type":"WebPage","@id":"https:\/\/musiqueenchemin.fr\/index.php\/le-domaine-de-pellhaut-mecene-de-musique-en-chemin\/","url":"https:\/\/musiqueenchemin.fr\/index.php\/le-domaine-de-pellhaut-mecene-de-musique-en-chemin\/","name":"Le Domaine de Pellehaut, m\u00e9c\u00e8ne de Musique en Chemin - Musique en Chemin","isPartOf":{"@id":"https:\/\/musiqueenchemin.fr\/#website"},"primaryImageOfPage":{"@id":"https:\/\/musiqueenchemin.fr\/index.php\/le-domaine-de-pellhaut-mecene-de-musique-en-chemin\/#primaryimage"},"image":{"@id":"https:\/\/musiqueenchemin.fr\/index.php\/le-domaine-de-pellhaut-mecene-de-musique-en-chemin\/#primaryimage"},"thumbnailUrl":"http:\/\/musiqueenchemin.fr\/wp-content\/uploads\/2016\/04\/pellehaut-remerciements-1024x283.png","datePublished":"2017-07-07T09:57:14+00:00","dateModified":"2019-07-22T11:51:59+00:00","breadcrumb":{"@id":"https:\/\/musiqueenchemin.fr\/index.php\/le-domaine-de-pellhaut-mecene-de-musique-en-chemin\/#breadcrumb"},"inLanguage":"fr-FR","potentialAction":[{"@type":"ReadAction","target":["https:\/\/musiqueenchemin.fr\/index.php\/le-domaine-de-pellhaut-mecene-de-musique-en-chemin\/"]}]},{"@type":"ImageObject","inLanguage":"fr-FR","@id":"https:\/\/musiqueenchemin.fr\/index.php\/le-domaine-de-pellhaut-mecene-de-musique-en-chemin\/#primaryimage","url":"https:\/\/musiqueenchemin.fr\/wp-content\/uploads\/2016\/04\/pellehaut-remerciements.png","contentUrl":"https:\/\/musiqueenchemin.fr\/wp-content\/uploads\/2016\/04\/pellehaut-remerciements.png","width":1594,"height":441},{"@type":"BreadcrumbList","@id":"https:\/\/musiqueenchemin.fr\/index.php\/le-domaine-de-pellhaut-mecene-de-musique-en-chemin\/#breadcrumb","itemListElement":[{"@type":"ListItem","position":1,"name":"Accueil","item":"https:\/\/musiqueenchemin.fr\/"},{"@type":"ListItem","position":2,"name":"Le Domaine de Pellehaut, m\u00e9c\u00e8ne de Musique en Chemin"}]},{"@type":"WebSite","@id":"https:\/\/musiqueenchemin.fr\/#website","url":"https:\/\/musiqueenchemin.fr\/","name":"Musique en Chemin","description":"Saison &amp; Festival","publisher":{"@id":"https:\/\/musiqueenchemin.fr\/#organization"},"potentialAction":[{"@type":"SearchAction","target":{"@type":"EntryPoint","urlTemplate":"https:\/\/musiqueenchemin.fr\/?s={search_term_string}"},"query-input":{"@type":"PropertyValueSpecification","valueRequired":true,"valueName":"search_term_string"}}],"inLanguage":"fr-FR"},{"@type":"Organization","@id":"https:\/\/musiqueenchemin.fr\/#organization","name":"Musique en Chemin","url":"https:\/\/musiqueenchemin.fr\/","logo":{"@type":"ImageObject","inLanguage":"fr-FR","@id":"https:\/\/musiqueenchemin.fr\/#\/schema\/logo\/image\/","url":"http:\/\/musiqueenchemin.fr\/wp-content\/uploads\/2024\/03\/huppe-jaune-2024.png","contentUrl":"http:\/\/musiqueenchemin.fr\/wp-content\/uploads\/2024\/03\/huppe-jaune-2024.png","width":560,"height":387,"caption":"Musique en Chemin"},"image":{"@id":"https:\/\/musiqueenchemin.fr\/#\/schema\/logo\/image\/"}}]}},"_links":{"self":[{"href":"https:\/\/musiqueenchemin.fr\/index.php\/wp-json\/wp\/v2\/pages\/1615","targetHints":{"allow":["GET"]}}],"collection":[{"href":"https:\/\/musiqueenchemin.fr\/index.php\/wp-json\/wp\/v2\/pages"}],"about":[{"href":"https:\/\/musiqueenchemin.fr\/index.php\/wp-json\/wp\/v2\/types\/page"}],"author":[{"embeddable":true,"href":"https:\/\/musiqueenchemin.fr\/index.php\/wp-json\/wp\/v2\/users\/1"}],"replies":[{"embeddable":true,"href":"https:\/\/musiqueenchemin.fr\/index.php\/wp-json\/wp\/v2\/comments?post=1615"}],"version-history":[{"count":9,"href":"https:\/\/musiqueenchemin.fr\/index.php\/wp-json\/wp\/v2\/pages\/1615\/revisions"}],"predecessor-version":[{"id":2623,"href":"https:\/\/musiqueenchemin.fr\/index.php\/wp-json\/wp\/v2\/pages\/1615\/revisions\/2623"}],"wp:attachment":[{"href":"https:\/\/musiqueenchemin.fr\/index.php\/wp-json\/wp\/v2\/media?parent=1615"}],"curies":[{"name":"wp","href":"https:\/\/api.w.org\/{rel}","templated":true}]}}