{"id":22,"date":"2016-04-28T09:00:27","date_gmt":"2016-04-28T08:00:27","guid":{"rendered":"http:\/\/musiqueenchemin.fr\/blog\/?page_id=22"},"modified":"2025-04-28T16:53:56","modified_gmt":"2025-04-28T15:53:56","slug":"equipe","status":"publish","type":"page","link":"https:\/\/musiqueenchemin.fr\/index.php\/equipe\/","title":{"rendered":"\u00c9quipe"},"content":{"rendered":"<h2>L\u2019Association La Main Harmonique<\/h2>\n<p>Implant\u00e9e depuis 2010 dans le nord du Gers, en r\u00e9gion Midi-Pyr\u00e9n\u00e9es, l\u2019association La Main Harmonique a pour but de promouvoir par les spectacles, concerts, stages et enregistrements, un r\u00e9pertoire musical vocal et instrumental qui s\u2019\u00e9tend de la musique ancienne \u00e0 la cr\u00e9ation contemporaine.<\/p>\n<p>L\u2019association est en r\u00e9sidence depuis 2014 dans la commune de La Romieu qui se trouve sur une portion du Chemin de Saint-Jacques-de-Compostelle inscrite au Patrimoine de l\u2019Unesco.<br \/>\nLa Main Harmonique souhaite faire r\u00e9sonner les splendeurs du patrimoine mat\u00e9riel qui l\u2019entoure par les richesses du patrimoine immat\u00e9riel qu\u2019elle promeut, pour initier les rencontres artistiques et humaines autour de ces d\u00e9couvertes.<\/p>\n<h3>L\u2019Association La Main Harmonique, c\u2019est\u00a0:<\/h3>\n<p><strong>&#8211; l\u2019Ensemble La Main Harmonique<\/strong>, sous la direction de Fr\u00e9d\u00e9ric B\u00e9tous et Nadia Lavoyer, est d\u00e9di\u00e9 \u00e0 l&#8217;interpr\u00e9tation de la musique polyphonique de la Renaissance et \u00e0 la cr\u00e9ation au moyen de projets transversaux et de commandes \u00e0 des compositeurs d&#8217;aujourd\u2019hui<\/p>\n<h4>D\u00e9couvrez l\u2019ensemble La Main Harmonique\u00a0: <a href=\"http:\/\/www.lamainharmonique.fr\/\" target=\"blank\" rel=\"noopener noreferrer\">www.lamainharmonique.fr<\/a><\/h4>\n<p><strong>&#8211; le festival \u00ab Musique en Chemin \u00bb et sa saison<\/strong><\/p>\n<p><strong>&#8211; une d\u00e9marche p\u00e9dagogique<\/strong> tourn\u00e9e plus sp\u00e9cifiquement vers la pratique amateur avec le ch\u0153ur \u00ab Ambr\u00f2sia \u00bb et l\u2019organisation de stages<\/p>\n<h3>L\u2019\u00e9quipe\u00a0:<\/h3>\n<p>Cl\u00e9ment Lyon-Caen, pr\u00e9sident<br \/>\nFr\u00e9d\u00e9ric B\u00e9tous et Nadia Lavoyer, Direction artistique<br \/>\nThomas L\u00e9v\u00eaque, Responsable du D\u00e9veloppement<br \/>\nAur\u00e9lie Vadepied, Responsable administrative<\/p>\n<p><strong>Et aussi\u00a0: <\/strong><br \/>\nOlivier Sallon, graphiste<br \/>\nAna\u00efs Busnel, Benjamin Forteniaud, Bruno Porterie &amp; Sophie Lyon-Caen, intermittents de l\u2019\u00e9quipe technique du festival<\/p>\n<p><strong>Et 40 adh\u00e9rents et b\u00e9n\u00e9voles\u00a0qui participent \u00e0 ce beau projet ! <\/strong><\/p>\n","protected":false},"excerpt":{"rendered":"<p>L\u2019Association La Main Harmonique Implant\u00e9e depuis 2010 dans le nord du Gers, en r\u00e9gion Midi-Pyr\u00e9n\u00e9es, l\u2019association La Main Harmonique a pour but de promouvoir par les spectacles, concerts, stages et enregistrements, un r\u00e9pertoire musical vocal et instrumental qui s\u2019\u00e9tend de la musique ancienne \u00e0 la cr\u00e9ation contemporaine. L\u2019association est en r\u00e9sidence depuis 2014 dans la [&hellip;]<\/p>\n","protected":false},"author":1,"featured_media":0,"parent":0,"menu_order":0,"comment_status":"closed","ping_status":"closed","template":"","meta":{"cwp_meta_box_check":"No","cwp_rev_product_name":"","cwp_rev_product_image":"","wppr_links":[],"cwp_rev_price":"","wppr_options":[],"wppr_pros":[],"wppr_cons":[],"footnotes":""},"class_list":["post-22","page","type-page","status-publish","hentry"],"wppr_data":{"cwp_meta_box_check":"No"},"yoast_head":"<!-- This site is optimized with the Yoast SEO plugin v25.0 - https:\/\/yoast.com\/wordpress\/plugins\/seo\/ -->\n<title>\u00c9quipe - Musique en Chemin<\/title>\n<meta name=\"robots\" content=\"index, follow, max-snippet:-1, max-image-preview:large, max-video-preview:-1\" \/>\n<link rel=\"canonical\" href=\"https:\/\/musiqueenchemin.fr\/index.php\/equipe\/\" \/>\n<meta property=\"og:locale\" content=\"fr_FR\" \/>\n<meta property=\"og:type\" content=\"article\" \/>\n<meta property=\"og:title\" content=\"\u00c9quipe - Musique en Chemin\" \/>\n<meta property=\"og:description\" content=\"L\u2019Association La Main Harmonique Implant\u00e9e depuis 2010 dans le nord du Gers, en r\u00e9gion Midi-Pyr\u00e9n\u00e9es, l\u2019association La Main Harmonique a pour but de promouvoir par les spectacles, concerts, stages et enregistrements, un r\u00e9pertoire musical vocal et instrumental qui s\u2019\u00e9tend de la musique ancienne \u00e0 la cr\u00e9ation contemporaine. L\u2019association est en r\u00e9sidence depuis 2014 dans la [&hellip;]\" \/>\n<meta property=\"og:url\" content=\"https:\/\/musiqueenchemin.fr\/index.php\/equipe\/\" \/>\n<meta property=\"og:site_name\" content=\"Musique en Chemin\" \/>\n<meta property=\"article:modified_time\" content=\"2025-04-28T15:53:56+00:00\" \/>\n<meta name=\"twitter:card\" content=\"summary_large_image\" \/>\n<meta name=\"twitter:label1\" content=\"Dur\u00e9e de lecture estim\u00e9e\" \/>\n\t<meta name=\"twitter:data1\" content=\"1 minute\" \/>\n<script type=\"application\/ld+json\" class=\"yoast-schema-graph\">{\"@context\":\"https:\/\/schema.org\",\"@graph\":[{\"@type\":\"WebPage\",\"@id\":\"https:\/\/musiqueenchemin.fr\/index.php\/equipe\/\",\"url\":\"https:\/\/musiqueenchemin.fr\/index.php\/equipe\/\",\"name\":\"\u00c9quipe - Musique en Chemin\",\"isPartOf\":{\"@id\":\"http:\/\/musiqueenchemin.fr\/#website\"},\"datePublished\":\"2016-04-28T08:00:27+00:00\",\"dateModified\":\"2025-04-28T15:53:56+00:00\",\"breadcrumb\":{\"@id\":\"https:\/\/musiqueenchemin.fr\/index.php\/equipe\/#breadcrumb\"},\"inLanguage\":\"fr-FR\",\"potentialAction\":[{\"@type\":\"ReadAction\",\"target\":[\"https:\/\/musiqueenchemin.fr\/index.php\/equipe\/\"]}]},{\"@type\":\"BreadcrumbList\",\"@id\":\"https:\/\/musiqueenchemin.fr\/index.php\/equipe\/#breadcrumb\",\"itemListElement\":[{\"@type\":\"ListItem\",\"position\":1,\"name\":\"Accueil\",\"item\":\"http:\/\/musiqueenchemin.fr\/\"},{\"@type\":\"ListItem\",\"position\":2,\"name\":\"\u00c9quipe\"}]},{\"@type\":\"WebSite\",\"@id\":\"http:\/\/musiqueenchemin.fr\/#website\",\"url\":\"http:\/\/musiqueenchemin.fr\/\",\"name\":\"Musique en Chemin\",\"description\":\"Saison &amp; Festival\",\"publisher\":{\"@id\":\"http:\/\/musiqueenchemin.fr\/#organization\"},\"potentialAction\":[{\"@type\":\"SearchAction\",\"target\":{\"@type\":\"EntryPoint\",\"urlTemplate\":\"http:\/\/musiqueenchemin.fr\/?s={search_term_string}\"},\"query-input\":{\"@type\":\"PropertyValueSpecification\",\"valueRequired\":true,\"valueName\":\"search_term_string\"}}],\"inLanguage\":\"fr-FR\"},{\"@type\":\"Organization\",\"@id\":\"http:\/\/musiqueenchemin.fr\/#organization\",\"name\":\"Musique en Chemin\",\"url\":\"http:\/\/musiqueenchemin.fr\/\",\"logo\":{\"@type\":\"ImageObject\",\"inLanguage\":\"fr-FR\",\"@id\":\"http:\/\/musiqueenchemin.fr\/#\/schema\/logo\/image\/\",\"url\":\"http:\/\/musiqueenchemin.fr\/wp-content\/uploads\/2024\/03\/huppe-jaune-2024.png\",\"contentUrl\":\"http:\/\/musiqueenchemin.fr\/wp-content\/uploads\/2024\/03\/huppe-jaune-2024.png\",\"width\":560,\"height\":387,\"caption\":\"Musique en Chemin\"},\"image\":{\"@id\":\"http:\/\/musiqueenchemin.fr\/#\/schema\/logo\/image\/\"}}]}<\/script>\n<!-- \/ Yoast SEO plugin. -->","yoast_head_json":{"title":"\u00c9quipe - Musique en Chemin","robots":{"index":"index","follow":"follow","max-snippet":"max-snippet:-1","max-image-preview":"max-image-preview:large","max-video-preview":"max-video-preview:-1"},"canonical":"https:\/\/musiqueenchemin.fr\/index.php\/equipe\/","og_locale":"fr_FR","og_type":"article","og_title":"\u00c9quipe - Musique en Chemin","og_description":"L\u2019Association La Main Harmonique Implant\u00e9e depuis 2010 dans le nord du Gers, en r\u00e9gion Midi-Pyr\u00e9n\u00e9es, l\u2019association La Main Harmonique a pour but de promouvoir par les spectacles, concerts, stages et enregistrements, un r\u00e9pertoire musical vocal et instrumental qui s\u2019\u00e9tend de la musique ancienne \u00e0 la cr\u00e9ation contemporaine. L\u2019association est en r\u00e9sidence depuis 2014 dans la [&hellip;]","og_url":"https:\/\/musiqueenchemin.fr\/index.php\/equipe\/","og_site_name":"Musique en Chemin","article_modified_time":"2025-04-28T15:53:56+00:00","twitter_card":"summary_large_image","twitter_misc":{"Dur\u00e9e de lecture estim\u00e9e":"1 minute"},"schema":{"@context":"https:\/\/schema.org","@graph":[{"@type":"WebPage","@id":"https:\/\/musiqueenchemin.fr\/index.php\/equipe\/","url":"https:\/\/musiqueenchemin.fr\/index.php\/equipe\/","name":"\u00c9quipe - Musique en Chemin","isPartOf":{"@id":"http:\/\/musiqueenchemin.fr\/#website"},"datePublished":"2016-04-28T08:00:27+00:00","dateModified":"2025-04-28T15:53:56+00:00","breadcrumb":{"@id":"https:\/\/musiqueenchemin.fr\/index.php\/equipe\/#breadcrumb"},"inLanguage":"fr-FR","potentialAction":[{"@type":"ReadAction","target":["https:\/\/musiqueenchemin.fr\/index.php\/equipe\/"]}]},{"@type":"BreadcrumbList","@id":"https:\/\/musiqueenchemin.fr\/index.php\/equipe\/#breadcrumb","itemListElement":[{"@type":"ListItem","position":1,"name":"Accueil","item":"http:\/\/musiqueenchemin.fr\/"},{"@type":"ListItem","position":2,"name":"\u00c9quipe"}]},{"@type":"WebSite","@id":"http:\/\/musiqueenchemin.fr\/#website","url":"http:\/\/musiqueenchemin.fr\/","name":"Musique en Chemin","description":"Saison &amp; Festival","publisher":{"@id":"http:\/\/musiqueenchemin.fr\/#organization"},"potentialAction":[{"@type":"SearchAction","target":{"@type":"EntryPoint","urlTemplate":"http:\/\/musiqueenchemin.fr\/?s={search_term_string}"},"query-input":{"@type":"PropertyValueSpecification","valueRequired":true,"valueName":"search_term_string"}}],"inLanguage":"fr-FR"},{"@type":"Organization","@id":"http:\/\/musiqueenchemin.fr\/#organization","name":"Musique en Chemin","url":"http:\/\/musiqueenchemin.fr\/","logo":{"@type":"ImageObject","inLanguage":"fr-FR","@id":"http:\/\/musiqueenchemin.fr\/#\/schema\/logo\/image\/","url":"http:\/\/musiqueenchemin.fr\/wp-content\/uploads\/2024\/03\/huppe-jaune-2024.png","contentUrl":"http:\/\/musiqueenchemin.fr\/wp-content\/uploads\/2024\/03\/huppe-jaune-2024.png","width":560,"height":387,"caption":"Musique en Chemin"},"image":{"@id":"http:\/\/musiqueenchemin.fr\/#\/schema\/logo\/image\/"}}]}},"_links":{"self":[{"href":"https:\/\/musiqueenchemin.fr\/index.php\/wp-json\/wp\/v2\/pages\/22","targetHints":{"allow":["GET"]}}],"collection":[{"href":"https:\/\/musiqueenchemin.fr\/index.php\/wp-json\/wp\/v2\/pages"}],"about":[{"href":"https:\/\/musiqueenchemin.fr\/index.php\/wp-json\/wp\/v2\/types\/page"}],"author":[{"embeddable":true,"href":"https:\/\/musiqueenchemin.fr\/index.php\/wp-json\/wp\/v2\/users\/1"}],"replies":[{"embeddable":true,"href":"https:\/\/musiqueenchemin.fr\/index.php\/wp-json\/wp\/v2\/comments?post=22"}],"version-history":[{"count":14,"href":"https:\/\/musiqueenchemin.fr\/index.php\/wp-json\/wp\/v2\/pages\/22\/revisions"}],"predecessor-version":[{"id":4070,"href":"https:\/\/musiqueenchemin.fr\/index.php\/wp-json\/wp\/v2\/pages\/22\/revisions\/4070"}],"wp:attachment":[{"href":"https:\/\/musiqueenchemin.fr\/index.php\/wp-json\/wp\/v2\/media?parent=22"}],"curies":[{"name":"wp","href":"https:\/\/api.w.org\/{rel}","templated":true}]}}