{"id":29,"date":"2016-04-28T09:01:24","date_gmt":"2016-04-28T08:01:24","guid":{"rendered":"http:\/\/musiqueenchemin.fr\/blog\/?page_id=29"},"modified":"2026-04-28T14:24:45","modified_gmt":"2026-04-28T13:24:45","slug":"reservez","status":"publish","type":"page","link":"https:\/\/musiqueenchemin.fr\/index.php\/reservez\/","title":{"rendered":"R\u00e9servez !"},"content":{"rendered":"\n<p class=\"has-text-align-center\" style=\"font-size:25px\"><strong>Pour prendre vos billets pour le festival et nos \u00e9v\u00e9nements de la saison<\/strong>, <strong>vous avez deux possibilit\u00e9s : <\/strong><\/p>\n\n\n\n<h3 class=\"wp-block-heading has-text-align-center\">1\/ Via internet sur le site de Festik<\/h3>\n\n\n\n<p class=\"has-text-align-center has-medium-font-size\"><a href=\"http:\/\/billetterie.festik.net\/musiqueenchemin\">http:\/\/billetterie.festik.net\/musiqueenchemin<\/a><\/p>\n\n\n\n<figure class=\"wp-block-image size-large\"><a href=\"https:\/\/billetterie.festik.net\/musiqueenchemin\"><img loading=\"lazy\" decoding=\"async\" width=\"1024\" height=\"281\" src=\"http:\/\/musiqueenchemin.fr\/wp-content\/uploads\/2024\/03\/ref_Festik1-1-1024x281.png\" alt=\"\" class=\"wp-image-3640\" style=\"aspect-ratio:3.6445801526717556\" srcset=\"https:\/\/musiqueenchemin.fr\/wp-content\/uploads\/2024\/03\/ref_Festik1-1-1024x281.png 1024w, https:\/\/musiqueenchemin.fr\/wp-content\/uploads\/2024\/03\/ref_Festik1-1-300x82.png 300w, https:\/\/musiqueenchemin.fr\/wp-content\/uploads\/2024\/03\/ref_Festik1-1-768x211.png 768w, https:\/\/musiqueenchemin.fr\/wp-content\/uploads\/2024\/03\/ref_Festik1-1-1536x421.png 1536w, https:\/\/musiqueenchemin.fr\/wp-content\/uploads\/2024\/03\/ref_Festik1-1-2048x562.png 2048w, https:\/\/musiqueenchemin.fr\/wp-content\/uploads\/2024\/03\/ref_Festik1-1-50x14.png 50w, https:\/\/musiqueenchemin.fr\/wp-content\/uploads\/2024\/03\/ref_Festik1-1-820x225.png 820w\" sizes=\"auto, (max-width: 1024px) 100vw, 1024px\" \/><\/a><\/figure>\n\n\n\n<h3 class=\"wp-block-heading has-text-align-center\">2\/ Dans les bureaux d\u2019accueil de l\u2019Office de Tourisme Gascogne Lomagne \u00e0 Lectoure, Fleurance et La Romieu ainsi qu\u2019\u00e0 l\u2019Office de Tourisme de la T\u00e9nar\u00e8ze \u00e0 Condom.<\/h3>\n\n\n\n<p><\/p>\n\n\n\n<h4 class=\"wp-block-heading has-text-align-center\"><strong>Si vous avez des difficult\u00e9s pour prendre vos places, appelez le 09 67 81 80 78<\/strong><\/h4>\n\n\n\n<hr class=\"wp-block-separator has-alpha-channel-opacity\"\/>\n\n\n\n<div class=\"wp-block-group\"><div class=\"wp-block-group__inner-container is-layout-constrained wp-block-group-is-layout-constrained\"><\/div><\/div>\n\n\n\n<p><\/p>\n","protected":false},"excerpt":{"rendered":"<p>Pour prendre vos billets pour le festival et nos \u00e9v\u00e9nements de la saison, vous avez deux possibilit\u00e9s : 1\/ Via internet sur le site de Festik http:\/\/billetterie.festik.net\/musiqueenchemin 2\/ Dans les bureaux d\u2019accueil de l\u2019Office de Tourisme Gascogne Lomagne \u00e0 Lectoure, Fleurance et La Romieu ainsi qu\u2019\u00e0 l\u2019Office de Tourisme de la T\u00e9nar\u00e8ze \u00e0 Condom. Si [&hellip;]<\/p>\n","protected":false},"author":1,"featured_media":0,"parent":0,"menu_order":0,"comment_status":"closed","ping_status":"closed","template":"","meta":{"cwp_meta_box_check":"No","cwp_rev_product_name":"","cwp_rev_product_image":"","wppr_links":[],"cwp_rev_price":"","wppr_options":[],"wppr_pros":[],"wppr_cons":[],"footnotes":""},"class_list":["post-29","page","type-page","status-publish","hentry"],"wppr_data":{"cwp_meta_box_check":"No"},"yoast_head":"<!-- This site is optimized with the Yoast SEO plugin v25.0 - https:\/\/yoast.com\/wordpress\/plugins\/seo\/ -->\n<title>R\u00e9servez ! - Musique en Chemin<\/title>\n<meta name=\"robots\" content=\"index, follow, max-snippet:-1, max-image-preview:large, max-video-preview:-1\" \/>\n<link rel=\"canonical\" href=\"https:\/\/musiqueenchemin.fr\/index.php\/reservez\/\" \/>\n<meta property=\"og:locale\" content=\"fr_FR\" \/>\n<meta property=\"og:type\" content=\"article\" \/>\n<meta property=\"og:title\" content=\"R\u00e9servez ! - Musique en Chemin\" \/>\n<meta property=\"og:description\" content=\"Pour prendre vos billets pour le festival et nos \u00e9v\u00e9nements de la saison, vous avez deux possibilit\u00e9s : 1\/ Via internet sur le site de Festik http:\/\/billetterie.festik.net\/musiqueenchemin 2\/ Dans les bureaux d\u2019accueil de l\u2019Office de Tourisme Gascogne Lomagne \u00e0 Lectoure, Fleurance et La Romieu ainsi qu\u2019\u00e0 l\u2019Office de Tourisme de la T\u00e9nar\u00e8ze \u00e0 Condom. Si [&hellip;]\" \/>\n<meta property=\"og:url\" content=\"https:\/\/musiqueenchemin.fr\/index.php\/reservez\/\" \/>\n<meta property=\"og:site_name\" content=\"Musique en Chemin\" \/>\n<meta property=\"article:modified_time\" content=\"2026-04-28T13:24:45+00:00\" \/>\n<meta property=\"og:image\" content=\"https:\/\/musiqueenchemin.fr\/wp-content\/uploads\/2024\/03\/ref_Festik1-1.png\" \/>\n\t<meta property=\"og:image:width\" content=\"2130\" \/>\n\t<meta property=\"og:image:height\" content=\"584\" \/>\n\t<meta property=\"og:image:type\" content=\"image\/png\" \/>\n<meta name=\"twitter:card\" content=\"summary_large_image\" \/>\n<meta name=\"twitter:label1\" content=\"Dur\u00e9e de lecture estim\u00e9e\" \/>\n\t<meta name=\"twitter:data1\" content=\"1 minute\" \/>\n<script type=\"application\/ld+json\" class=\"yoast-schema-graph\">{\"@context\":\"https:\/\/schema.org\",\"@graph\":[{\"@type\":\"WebPage\",\"@id\":\"https:\/\/musiqueenchemin.fr\/index.php\/reservez\/\",\"url\":\"https:\/\/musiqueenchemin.fr\/index.php\/reservez\/\",\"name\":\"R\u00e9servez ! - Musique en Chemin\",\"isPartOf\":{\"@id\":\"https:\/\/musiqueenchemin.fr\/#website\"},\"primaryImageOfPage\":{\"@id\":\"https:\/\/musiqueenchemin.fr\/index.php\/reservez\/#primaryimage\"},\"image\":{\"@id\":\"https:\/\/musiqueenchemin.fr\/index.php\/reservez\/#primaryimage\"},\"thumbnailUrl\":\"http:\/\/musiqueenchemin.fr\/wp-content\/uploads\/2024\/03\/ref_Festik1-1-1024x281.png\",\"datePublished\":\"2016-04-28T08:01:24+00:00\",\"dateModified\":\"2026-04-28T13:24:45+00:00\",\"breadcrumb\":{\"@id\":\"https:\/\/musiqueenchemin.fr\/index.php\/reservez\/#breadcrumb\"},\"inLanguage\":\"fr-FR\",\"potentialAction\":[{\"@type\":\"ReadAction\",\"target\":[\"https:\/\/musiqueenchemin.fr\/index.php\/reservez\/\"]}]},{\"@type\":\"ImageObject\",\"inLanguage\":\"fr-FR\",\"@id\":\"https:\/\/musiqueenchemin.fr\/index.php\/reservez\/#primaryimage\",\"url\":\"https:\/\/musiqueenchemin.fr\/wp-content\/uploads\/2024\/03\/ref_Festik1-1.png\",\"contentUrl\":\"https:\/\/musiqueenchemin.fr\/wp-content\/uploads\/2024\/03\/ref_Festik1-1.png\",\"width\":2130,\"height\":584},{\"@type\":\"BreadcrumbList\",\"@id\":\"https:\/\/musiqueenchemin.fr\/index.php\/reservez\/#breadcrumb\",\"itemListElement\":[{\"@type\":\"ListItem\",\"position\":1,\"name\":\"Accueil\",\"item\":\"https:\/\/musiqueenchemin.fr\/\"},{\"@type\":\"ListItem\",\"position\":2,\"name\":\"R\u00e9servez !\"}]},{\"@type\":\"WebSite\",\"@id\":\"https:\/\/musiqueenchemin.fr\/#website\",\"url\":\"https:\/\/musiqueenchemin.fr\/\",\"name\":\"Musique en Chemin\",\"description\":\"Saison &amp; Festival\",\"publisher\":{\"@id\":\"https:\/\/musiqueenchemin.fr\/#organization\"},\"potentialAction\":[{\"@type\":\"SearchAction\",\"target\":{\"@type\":\"EntryPoint\",\"urlTemplate\":\"https:\/\/musiqueenchemin.fr\/?s={search_term_string}\"},\"query-input\":{\"@type\":\"PropertyValueSpecification\",\"valueRequired\":true,\"valueName\":\"search_term_string\"}}],\"inLanguage\":\"fr-FR\"},{\"@type\":\"Organization\",\"@id\":\"https:\/\/musiqueenchemin.fr\/#organization\",\"name\":\"Musique en Chemin\",\"url\":\"https:\/\/musiqueenchemin.fr\/\",\"logo\":{\"@type\":\"ImageObject\",\"inLanguage\":\"fr-FR\",\"@id\":\"https:\/\/musiqueenchemin.fr\/#\/schema\/logo\/image\/\",\"url\":\"http:\/\/musiqueenchemin.fr\/wp-content\/uploads\/2024\/03\/huppe-jaune-2024.png\",\"contentUrl\":\"http:\/\/musiqueenchemin.fr\/wp-content\/uploads\/2024\/03\/huppe-jaune-2024.png\",\"width\":560,\"height\":387,\"caption\":\"Musique en Chemin\"},\"image\":{\"@id\":\"https:\/\/musiqueenchemin.fr\/#\/schema\/logo\/image\/\"}}]}<\/script>\n<!-- \/ Yoast SEO plugin. -->","yoast_head_json":{"title":"R\u00e9servez ! - Musique en Chemin","robots":{"index":"index","follow":"follow","max-snippet":"max-snippet:-1","max-image-preview":"max-image-preview:large","max-video-preview":"max-video-preview:-1"},"canonical":"https:\/\/musiqueenchemin.fr\/index.php\/reservez\/","og_locale":"fr_FR","og_type":"article","og_title":"R\u00e9servez ! - Musique en Chemin","og_description":"Pour prendre vos billets pour le festival et nos \u00e9v\u00e9nements de la saison, vous avez deux possibilit\u00e9s : 1\/ Via internet sur le site de Festik http:\/\/billetterie.festik.net\/musiqueenchemin 2\/ Dans les bureaux d\u2019accueil de l\u2019Office de Tourisme Gascogne Lomagne \u00e0 Lectoure, Fleurance et La Romieu ainsi qu\u2019\u00e0 l\u2019Office de Tourisme de la T\u00e9nar\u00e8ze \u00e0 Condom. Si [&hellip;]","og_url":"https:\/\/musiqueenchemin.fr\/index.php\/reservez\/","og_site_name":"Musique en Chemin","article_modified_time":"2026-04-28T13:24:45+00:00","og_image":[{"width":2130,"height":584,"url":"https:\/\/musiqueenchemin.fr\/wp-content\/uploads\/2024\/03\/ref_Festik1-1.png","type":"image\/png"}],"twitter_card":"summary_large_image","twitter_misc":{"Dur\u00e9e de lecture estim\u00e9e":"1 minute"},"schema":{"@context":"https:\/\/schema.org","@graph":[{"@type":"WebPage","@id":"https:\/\/musiqueenchemin.fr\/index.php\/reservez\/","url":"https:\/\/musiqueenchemin.fr\/index.php\/reservez\/","name":"R\u00e9servez ! - Musique en Chemin","isPartOf":{"@id":"https:\/\/musiqueenchemin.fr\/#website"},"primaryImageOfPage":{"@id":"https:\/\/musiqueenchemin.fr\/index.php\/reservez\/#primaryimage"},"image":{"@id":"https:\/\/musiqueenchemin.fr\/index.php\/reservez\/#primaryimage"},"thumbnailUrl":"http:\/\/musiqueenchemin.fr\/wp-content\/uploads\/2024\/03\/ref_Festik1-1-1024x281.png","datePublished":"2016-04-28T08:01:24+00:00","dateModified":"2026-04-28T13:24:45+00:00","breadcrumb":{"@id":"https:\/\/musiqueenchemin.fr\/index.php\/reservez\/#breadcrumb"},"inLanguage":"fr-FR","potentialAction":[{"@type":"ReadAction","target":["https:\/\/musiqueenchemin.fr\/index.php\/reservez\/"]}]},{"@type":"ImageObject","inLanguage":"fr-FR","@id":"https:\/\/musiqueenchemin.fr\/index.php\/reservez\/#primaryimage","url":"https:\/\/musiqueenchemin.fr\/wp-content\/uploads\/2024\/03\/ref_Festik1-1.png","contentUrl":"https:\/\/musiqueenchemin.fr\/wp-content\/uploads\/2024\/03\/ref_Festik1-1.png","width":2130,"height":584},{"@type":"BreadcrumbList","@id":"https:\/\/musiqueenchemin.fr\/index.php\/reservez\/#breadcrumb","itemListElement":[{"@type":"ListItem","position":1,"name":"Accueil","item":"https:\/\/musiqueenchemin.fr\/"},{"@type":"ListItem","position":2,"name":"R\u00e9servez !"}]},{"@type":"WebSite","@id":"https:\/\/musiqueenchemin.fr\/#website","url":"https:\/\/musiqueenchemin.fr\/","name":"Musique en Chemin","description":"Saison &amp; Festival","publisher":{"@id":"https:\/\/musiqueenchemin.fr\/#organization"},"potentialAction":[{"@type":"SearchAction","target":{"@type":"EntryPoint","urlTemplate":"https:\/\/musiqueenchemin.fr\/?s={search_term_string}"},"query-input":{"@type":"PropertyValueSpecification","valueRequired":true,"valueName":"search_term_string"}}],"inLanguage":"fr-FR"},{"@type":"Organization","@id":"https:\/\/musiqueenchemin.fr\/#organization","name":"Musique en Chemin","url":"https:\/\/musiqueenchemin.fr\/","logo":{"@type":"ImageObject","inLanguage":"fr-FR","@id":"https:\/\/musiqueenchemin.fr\/#\/schema\/logo\/image\/","url":"http:\/\/musiqueenchemin.fr\/wp-content\/uploads\/2024\/03\/huppe-jaune-2024.png","contentUrl":"http:\/\/musiqueenchemin.fr\/wp-content\/uploads\/2024\/03\/huppe-jaune-2024.png","width":560,"height":387,"caption":"Musique en Chemin"},"image":{"@id":"https:\/\/musiqueenchemin.fr\/#\/schema\/logo\/image\/"}}]}},"_links":{"self":[{"href":"https:\/\/musiqueenchemin.fr\/index.php\/wp-json\/wp\/v2\/pages\/29","targetHints":{"allow":["GET"]}}],"collection":[{"href":"https:\/\/musiqueenchemin.fr\/index.php\/wp-json\/wp\/v2\/pages"}],"about":[{"href":"https:\/\/musiqueenchemin.fr\/index.php\/wp-json\/wp\/v2\/types\/page"}],"author":[{"embeddable":true,"href":"https:\/\/musiqueenchemin.fr\/index.php\/wp-json\/wp\/v2\/users\/1"}],"replies":[{"embeddable":true,"href":"https:\/\/musiqueenchemin.fr\/index.php\/wp-json\/wp\/v2\/comments?post=29"}],"version-history":[{"count":47,"href":"https:\/\/musiqueenchemin.fr\/index.php\/wp-json\/wp\/v2\/pages\/29\/revisions"}],"predecessor-version":[{"id":4514,"href":"https:\/\/musiqueenchemin.fr\/index.php\/wp-json\/wp\/v2\/pages\/29\/revisions\/4514"}],"wp:attachment":[{"href":"https:\/\/musiqueenchemin.fr\/index.php\/wp-json\/wp\/v2\/media?parent=29"}],"curies":[{"name":"wp","href":"https:\/\/api.w.org\/{rel}","templated":true}]}}