{"id":292,"date":"2016-04-29T11:24:57","date_gmt":"2016-04-29T10:24:57","guid":{"rendered":"http:\/\/musiqueenchemin.fr\/blog\/?page_id=292"},"modified":"2025-04-18T14:42:24","modified_gmt":"2025-04-18T13:42:24","slug":"decouvrez-la-romieu","status":"publish","type":"page","link":"https:\/\/musiqueenchemin.fr\/index.php\/decouvrez-la-romieu\/","title":{"rendered":"D\u00e9couvrez La Romieu"},"content":{"rendered":"\n<figure class=\"wp-block-image size-large\"><img loading=\"lazy\" decoding=\"async\" width=\"1024\" height=\"683\" src=\"http:\/\/musiqueenchemin.fr\/wp-content\/uploads\/2024\/03\/Drone-1_collegiale_web\u00a9Orane-Benoit-1024x683.jpg\" alt=\"\" class=\"wp-image-3675\" srcset=\"https:\/\/musiqueenchemin.fr\/wp-content\/uploads\/2024\/03\/Drone-1_collegiale_web\u00a9Orane-Benoit-1024x683.jpg 1024w, https:\/\/musiqueenchemin.fr\/wp-content\/uploads\/2024\/03\/Drone-1_collegiale_web\u00a9Orane-Benoit-300x200.jpg 300w, https:\/\/musiqueenchemin.fr\/wp-content\/uploads\/2024\/03\/Drone-1_collegiale_web\u00a9Orane-Benoit-768x512.jpg 768w, https:\/\/musiqueenchemin.fr\/wp-content\/uploads\/2024\/03\/Drone-1_collegiale_web\u00a9Orane-Benoit-50x33.jpg 50w, https:\/\/musiqueenchemin.fr\/wp-content\/uploads\/2024\/03\/Drone-1_collegiale_web\u00a9Orane-Benoit-600x400.jpg 600w, https:\/\/musiqueenchemin.fr\/wp-content\/uploads\/2024\/03\/Drone-1_collegiale_web\u00a9Orane-Benoit-820x547.jpg 820w, https:\/\/musiqueenchemin.fr\/wp-content\/uploads\/2024\/03\/Drone-1_collegiale_web\u00a9Orane-Benoit.jpg 1200w\" sizes=\"auto, (max-width: 1024px) 100vw, 1024px\" \/><\/figure>\n\n\n\n<p>\u00a9 Orane Benoit<\/p>\n\n\n\n<p>Avec sa coll\u00e9giale et son clo\u00eetre du XIVe si\u00e8cle, La Romieu est un site patrimonial majeur, \u00e0 forte dimension historique, spirituelle et intellectuelle. Ville \u00e9tape europ\u00e9enne sur les chemins de Saint-Jacques-de-Compostelle (Via Podiensis) sur une portion inscrite au patrimoine mondial de l&#8217;UNESCO, et jonction des chemins de Rocamadour (GR 652) et du Puy-en-Velay (GR 65), la cit\u00e9 accueille chaque ann\u00e9e plusieurs milliers de p\u00e8lerins. Le nom de &#8220;La Romieu&#8221; vient de \u00ab&nbsp;l&#8217;Arroum\u00eeu&nbsp;\u00bb, qui signifie \u00ab&nbsp;le p\u00e8lerin&nbsp;\u00bb (un \u00ab&nbsp;roumieu&nbsp;\u00bb d\u00e9signait \u00e0 la base un p\u00e8lerin pour Rome, mais le terme s&#8217;est finalement appliqu\u00e9 \u00e0 tous les p\u00e8lerins).<\/p>\n\n\n\n<h4 class=\"wp-block-heading\">Pour d\u00e9couvrir La Romieu, son ensemble coll\u00e9gial, sa l\u00e9gende des chats, les jardins de Coursiana&nbsp;: <a href=\"https:\/\/www.la-romieu.fr\/\" target=\"_blank\" rel=\"noopener noreferrer\">www.la-romieu.fr<\/a><\/h4>\n\n\n\n<hr class=\"wp-block-separator has-alpha-channel-opacity\"\/>\n\n\n\n<h3 class=\"wp-block-heading\">Aux alentours<\/h3>\n\n\n\n<p>Le Gers est aussi \u00ab&nbsp;le complice des jours heureux&nbsp;\u00bb&nbsp;! Que ce soit pour prendre un bol d\u2019air, r\u00e9veiller ses papilles, d\u00e9couvrir, bouger, prendre soin de soi, la r\u00e9gion offre une multitude de facettes pour vous r\u00e9galer les sens.<\/p>\n\n\n\n<h4 class=\"wp-block-heading\">Pour en savoir plus et organiser votre s\u00e9jour&nbsp;: <a href=\"http:\/\/www.tourisme-gers.com\/\" target=\"_blank\" rel=\"noopener noreferrer\">www.tourisme-gers.com<\/a><\/h4>\n\n\n\n<hr class=\"wp-block-separator has-alpha-channel-opacity\"\/>\n\n\n\n<h3 class=\"wp-block-heading\">Musique en Chemin, un \u00e9co-festival<\/h3>\n\n\n<div class=\"wp-block-image\">\n<figure class=\"alignleft is-resized\"><a href=\"http:\/\/www.tourisme-gers.com\/\" target=\"_blank\" rel=\"noopener noreferrer\"><img loading=\"lazy\" decoding=\"async\" width=\"300\" height=\"142\" src=\"http:\/\/musiqueenchemin.fr\/wp-content\/uploads\/2016\/04\/Terra-Gers-300x142.jpg\" alt=\"GENERAL\" class=\"wp-image-630\" style=\"width:145px;height:auto\" srcset=\"https:\/\/musiqueenchemin.fr\/wp-content\/uploads\/2016\/04\/Terra-Gers-300x142.jpg 300w, https:\/\/musiqueenchemin.fr\/wp-content\/uploads\/2016\/04\/Terra-Gers-768x362.jpg 768w, https:\/\/musiqueenchemin.fr\/wp-content\/uploads\/2016\/04\/Terra-Gers-1024x483.jpg 1024w, https:\/\/musiqueenchemin.fr\/wp-content\/uploads\/2016\/04\/Terra-Gers-600x283.jpg 600w, https:\/\/musiqueenchemin.fr\/wp-content\/uploads\/2016\/04\/Terra-Gers-820x387.jpg 820w, https:\/\/musiqueenchemin.fr\/wp-content\/uploads\/2016\/04\/Terra-Gers.jpg 1645w\" sizes=\"auto, (max-width: 300px) 100vw, 300px\" \/><\/a><\/figure>\n<\/div>\n\n\n<p>Le Gers, d\u00e9partement de campagne par excellence, veille depuis de nombreuses ann\u00e9es \u00e0 la protection de son environnement naturel, culturel et soci\u00e9tal. L\u2019association La Main Harmonique a choisi d\u2019inscrire Musique en Chemin dans cet engagement pour le d\u00e9veloppement durable.<\/p>\n\n\n\n<hr class=\"wp-block-separator has-alpha-channel-opacity\"\/>\n\n\n\n<h3 class=\"wp-block-heading\">Musique en Chemin, s&#8217;engage en \u00e9tant &#8220;Label d\u00e9tonnant de niveau 1&#8221;. Mais qu&#8217;est-ce qu&#8217;un \u00e9v\u00e9nement d\u00e9tonnant ?<\/h3>\n\n\n<div class=\"wp-block-image\">\n<figure class=\"alignleft size-large is-resized\"><img loading=\"lazy\" decoding=\"async\" width=\"1024\" height=\"823\" src=\"https:\/\/musiqueenchemin.fr\/wp-content\/uploads\/2025\/04\/Logo-label-evenement-detonnant-niveau-1-2024-copie-1024x823.png\" alt=\"\" class=\"wp-image-3975\" style=\"width:152px;height:auto\" srcset=\"https:\/\/musiqueenchemin.fr\/wp-content\/uploads\/2025\/04\/Logo-label-evenement-detonnant-niveau-1-2024-copie-1024x823.png 1024w, https:\/\/musiqueenchemin.fr\/wp-content\/uploads\/2025\/04\/Logo-label-evenement-detonnant-niveau-1-2024-copie-300x241.png 300w, https:\/\/musiqueenchemin.fr\/wp-content\/uploads\/2025\/04\/Logo-label-evenement-detonnant-niveau-1-2024-copie-768x617.png 768w, https:\/\/musiqueenchemin.fr\/wp-content\/uploads\/2025\/04\/Logo-label-evenement-detonnant-niveau-1-2024-copie-1536x1234.png 1536w, https:\/\/musiqueenchemin.fr\/wp-content\/uploads\/2025\/04\/Logo-label-evenement-detonnant-niveau-1-2024-copie-2048x1646.png 2048w, https:\/\/musiqueenchemin.fr\/wp-content\/uploads\/2025\/04\/Logo-label-evenement-detonnant-niveau-1-2024-copie-50x40.png 50w, https:\/\/musiqueenchemin.fr\/wp-content\/uploads\/2025\/04\/Logo-label-evenement-detonnant-niveau-1-2024-copie-820x659.png 820w\" sizes=\"auto, (max-width: 1024px) 100vw, 1024px\" \/><\/figure>\n<\/div>\n\n\n<p class=\"has-text-align-left\">C\u2019est un \u00e9v\u00e9nement qui contraste avec les propositions \u00e9v\u00e9nementielles actuelles, un \u00e9v\u00e9nement engag\u00e9 et responsable. Soucieux de r\u00e9duire son impact environnemental, il f\u00e9d\u00e8re et mobilise ses \u00e9quipes, partenaires et publics sur les questions de transition \u00e9cologique et soci\u00e9tale, et se donne les moyens de d\u00e9ployer une d\u00e9marche \u00e9co-responsable globale, structur\u00e9e et en am\u00e9lioration continue.<br><br>C\u2019est aussi et logiquement un \u00e9v\u00e9nement qui d\u00e9-tonne puisqu\u2019il r\u00e9duit ses \u00e9missions de carbone, ses d\u00e9chets, ses consommations d\u2019\u00e9nergie et de ressources utilis\u00e9es pour sa mise en \u0153uvre. Et qui \u00e9tonne, en proposant d\u2019exp\u00e9rimenter la transition \u00e9cologique et soci\u00e9tale sous de nouvelles formes, plus soutenables et inclusives !&#8221;<\/p>\n","protected":false},"excerpt":{"rendered":"<p>\u00a9 Orane Benoit Avec sa coll\u00e9giale et son clo\u00eetre du XIVe si\u00e8cle, La Romieu est un site patrimonial majeur, \u00e0 forte dimension historique, spirituelle et intellectuelle. Ville \u00e9tape europ\u00e9enne sur les chemins de Saint-Jacques-de-Compostelle (Via Podiensis) sur une portion inscrite [&hellip;]<\/p>\n","protected":false},"author":1,"featured_media":0,"parent":0,"menu_order":0,"comment_status":"closed","ping_status":"closed","template":"","meta":{"cwp_meta_box_check":"","cwp_rev_product_name":"","cwp_rev_product_image":"","wppr_links":[],"cwp_rev_price":"","wppr_options":[],"wppr_pros":[],"wppr_cons":[],"footnotes":""},"class_list":["post-292","page","type-page","status-publish","hentry"],"wppr_data":[],"yoast_head":"<!-- This site is optimized with the Yoast SEO plugin v25.0 - https:\/\/yoast.com\/wordpress\/plugins\/seo\/ -->\n<title>D\u00e9couvrez La Romieu -<\/title>\n<meta name=\"robots\" content=\"index, follow, max-snippet:-1, max-image-preview:large, max-video-preview:-1\" \/>\n<link rel=\"canonical\" href=\"http:\/\/musiqueenchemin.fr\/index.php\/decouvrez-la-romieu\/\" \/>\n<meta property=\"og:locale\" content=\"fr_FR\" \/>\n<meta property=\"og:type\" content=\"article\" \/>\n<meta property=\"og:title\" content=\"D\u00e9couvrez La Romieu -\" \/>\n<meta property=\"og:description\" content=\"\u00a9 Orane Benoit Avec sa coll\u00e9giale et son clo\u00eetre du XIVe si\u00e8cle, La Romieu est un site patrimonial majeur, \u00e0 forte dimension historique, spirituelle et intellectuelle. Ville \u00e9tape europ\u00e9enne sur les chemins de Saint-Jacques-de-Compostelle (Via Podiensis) sur une portion inscrite [&hellip;]\" \/>\n<meta property=\"og:url\" content=\"http:\/\/musiqueenchemin.fr\/index.php\/decouvrez-la-romieu\/\" \/>\n<meta property=\"article:modified_time\" content=\"2025-04-18T13:42:24+00:00\" \/>\n<meta property=\"og:image\" content=\"http:\/\/musiqueenchemin.fr\/wp-content\/uploads\/2016\/04\/Terra-Gers-300x142.jpg\" \/>\n<meta name=\"twitter:card\" content=\"summary_large_image\" \/>\n<meta name=\"twitter:label1\" content=\"Dur\u00e9e de lecture estim\u00e9e\" \/>\n\t<meta name=\"twitter:data1\" content=\"2 minutes\" \/>\n<script type=\"application\/ld+json\" class=\"yoast-schema-graph\">{\"@context\":\"https:\/\/schema.org\",\"@graph\":[{\"@type\":\"WebPage\",\"@id\":\"http:\/\/musiqueenchemin.fr\/index.php\/decouvrez-la-romieu\/\",\"url\":\"http:\/\/musiqueenchemin.fr\/index.php\/decouvrez-la-romieu\/\",\"name\":\"D\u00e9couvrez La Romieu -\",\"isPartOf\":{\"@id\":\"http:\/\/musiqueenchemin.fr\/#website\"},\"primaryImageOfPage\":{\"@id\":\"http:\/\/musiqueenchemin.fr\/index.php\/decouvrez-la-romieu\/#primaryimage\"},\"image\":{\"@id\":\"http:\/\/musiqueenchemin.fr\/index.php\/decouvrez-la-romieu\/#primaryimage\"},\"thumbnailUrl\":\"http:\/\/musiqueenchemin.fr\/wp-content\/uploads\/2016\/04\/Terra-Gers-300x142.jpg\",\"datePublished\":\"2016-04-29T10:24:57+00:00\",\"dateModified\":\"2025-04-18T13:42:24+00:00\",\"breadcrumb\":{\"@id\":\"http:\/\/musiqueenchemin.fr\/index.php\/decouvrez-la-romieu\/#breadcrumb\"},\"inLanguage\":\"fr-FR\",\"potentialAction\":[{\"@type\":\"ReadAction\",\"target\":[\"http:\/\/musiqueenchemin.fr\/index.php\/decouvrez-la-romieu\/\"]}]},{\"@type\":\"ImageObject\",\"inLanguage\":\"fr-FR\",\"@id\":\"http:\/\/musiqueenchemin.fr\/index.php\/decouvrez-la-romieu\/#primaryimage\",\"url\":\"https:\/\/musiqueenchemin.fr\/wp-content\/uploads\/2016\/04\/Terra-Gers.jpg\",\"contentUrl\":\"https:\/\/musiqueenchemin.fr\/wp-content\/uploads\/2016\/04\/Terra-Gers.jpg\",\"width\":1645,\"height\":776},{\"@type\":\"BreadcrumbList\",\"@id\":\"http:\/\/musiqueenchemin.fr\/index.php\/decouvrez-la-romieu\/#breadcrumb\",\"itemListElement\":[{\"@type\":\"ListItem\",\"position\":1,\"name\":\"Accueil\",\"item\":\"http:\/\/musiqueenchemin.fr\/\"},{\"@type\":\"ListItem\",\"position\":2,\"name\":\"D\u00e9couvrez La Romieu\"}]},{\"@type\":\"WebSite\",\"@id\":\"http:\/\/musiqueenchemin.fr\/#website\",\"url\":\"http:\/\/musiqueenchemin.fr\/\",\"name\":\"Musique en Chemin\",\"description\":\"\",\"publisher\":{\"@id\":\"http:\/\/musiqueenchemin.fr\/#organization\"},\"potentialAction\":[{\"@type\":\"SearchAction\",\"target\":{\"@type\":\"EntryPoint\",\"urlTemplate\":\"http:\/\/musiqueenchemin.fr\/?s={search_term_string}\"},\"query-input\":{\"@type\":\"PropertyValueSpecification\",\"valueRequired\":true,\"valueName\":\"search_term_string\"}}],\"inLanguage\":\"fr-FR\"},{\"@type\":\"Organization\",\"@id\":\"http:\/\/musiqueenchemin.fr\/#organization\",\"name\":\"Musique en Chemin\",\"url\":\"http:\/\/musiqueenchemin.fr\/\",\"logo\":{\"@type\":\"ImageObject\",\"inLanguage\":\"fr-FR\",\"@id\":\"http:\/\/musiqueenchemin.fr\/#\/schema\/logo\/image\/\",\"url\":\"http:\/\/musiqueenchemin.fr\/wp-content\/uploads\/2024\/03\/huppe-jaune-2024.png\",\"contentUrl\":\"http:\/\/musiqueenchemin.fr\/wp-content\/uploads\/2024\/03\/huppe-jaune-2024.png\",\"width\":560,\"height\":387,\"caption\":\"Musique en Chemin\"},\"image\":{\"@id\":\"http:\/\/musiqueenchemin.fr\/#\/schema\/logo\/image\/\"}}]}<\/script>\n<!-- \/ Yoast SEO plugin. -->","yoast_head_json":{"title":"D\u00e9couvrez La Romieu -","robots":{"index":"index","follow":"follow","max-snippet":"max-snippet:-1","max-image-preview":"max-image-preview:large","max-video-preview":"max-video-preview:-1"},"canonical":"http:\/\/musiqueenchemin.fr\/index.php\/decouvrez-la-romieu\/","og_locale":"fr_FR","og_type":"article","og_title":"D\u00e9couvrez La Romieu -","og_description":"\u00a9 Orane Benoit Avec sa coll\u00e9giale et son clo\u00eetre du XIVe si\u00e8cle, La Romieu est un site patrimonial majeur, \u00e0 forte dimension historique, spirituelle et intellectuelle. Ville \u00e9tape europ\u00e9enne sur les chemins de Saint-Jacques-de-Compostelle (Via Podiensis) sur une portion inscrite [&hellip;]","og_url":"http:\/\/musiqueenchemin.fr\/index.php\/decouvrez-la-romieu\/","article_modified_time":"2025-04-18T13:42:24+00:00","og_image":[{"url":"http:\/\/musiqueenchemin.fr\/wp-content\/uploads\/2016\/04\/Terra-Gers-300x142.jpg","type":"","width":"","height":""}],"twitter_card":"summary_large_image","twitter_misc":{"Dur\u00e9e de lecture estim\u00e9e":"2 minutes"},"schema":{"@context":"https:\/\/schema.org","@graph":[{"@type":"WebPage","@id":"http:\/\/musiqueenchemin.fr\/index.php\/decouvrez-la-romieu\/","url":"http:\/\/musiqueenchemin.fr\/index.php\/decouvrez-la-romieu\/","name":"D\u00e9couvrez La Romieu -","isPartOf":{"@id":"http:\/\/musiqueenchemin.fr\/#website"},"primaryImageOfPage":{"@id":"http:\/\/musiqueenchemin.fr\/index.php\/decouvrez-la-romieu\/#primaryimage"},"image":{"@id":"http:\/\/musiqueenchemin.fr\/index.php\/decouvrez-la-romieu\/#primaryimage"},"thumbnailUrl":"http:\/\/musiqueenchemin.fr\/wp-content\/uploads\/2016\/04\/Terra-Gers-300x142.jpg","datePublished":"2016-04-29T10:24:57+00:00","dateModified":"2025-04-18T13:42:24+00:00","breadcrumb":{"@id":"http:\/\/musiqueenchemin.fr\/index.php\/decouvrez-la-romieu\/#breadcrumb"},"inLanguage":"fr-FR","potentialAction":[{"@type":"ReadAction","target":["http:\/\/musiqueenchemin.fr\/index.php\/decouvrez-la-romieu\/"]}]},{"@type":"ImageObject","inLanguage":"fr-FR","@id":"http:\/\/musiqueenchemin.fr\/index.php\/decouvrez-la-romieu\/#primaryimage","url":"https:\/\/musiqueenchemin.fr\/wp-content\/uploads\/2016\/04\/Terra-Gers.jpg","contentUrl":"https:\/\/musiqueenchemin.fr\/wp-content\/uploads\/2016\/04\/Terra-Gers.jpg","width":1645,"height":776},{"@type":"BreadcrumbList","@id":"http:\/\/musiqueenchemin.fr\/index.php\/decouvrez-la-romieu\/#breadcrumb","itemListElement":[{"@type":"ListItem","position":1,"name":"Accueil","item":"http:\/\/musiqueenchemin.fr\/"},{"@type":"ListItem","position":2,"name":"D\u00e9couvrez La Romieu"}]},{"@type":"WebSite","@id":"http:\/\/musiqueenchemin.fr\/#website","url":"http:\/\/musiqueenchemin.fr\/","name":"Musique en Chemin","description":"","publisher":{"@id":"http:\/\/musiqueenchemin.fr\/#organization"},"potentialAction":[{"@type":"SearchAction","target":{"@type":"EntryPoint","urlTemplate":"http:\/\/musiqueenchemin.fr\/?s={search_term_string}"},"query-input":{"@type":"PropertyValueSpecification","valueRequired":true,"valueName":"search_term_string"}}],"inLanguage":"fr-FR"},{"@type":"Organization","@id":"http:\/\/musiqueenchemin.fr\/#organization","name":"Musique en Chemin","url":"http:\/\/musiqueenchemin.fr\/","logo":{"@type":"ImageObject","inLanguage":"fr-FR","@id":"http:\/\/musiqueenchemin.fr\/#\/schema\/logo\/image\/","url":"http:\/\/musiqueenchemin.fr\/wp-content\/uploads\/2024\/03\/huppe-jaune-2024.png","contentUrl":"http:\/\/musiqueenchemin.fr\/wp-content\/uploads\/2024\/03\/huppe-jaune-2024.png","width":560,"height":387,"caption":"Musique en Chemin"},"image":{"@id":"http:\/\/musiqueenchemin.fr\/#\/schema\/logo\/image\/"}}]}},"_links":{"self":[{"href":"https:\/\/musiqueenchemin.fr\/index.php\/wp-json\/wp\/v2\/pages\/292","targetHints":{"allow":["GET"]}}],"collection":[{"href":"https:\/\/musiqueenchemin.fr\/index.php\/wp-json\/wp\/v2\/pages"}],"about":[{"href":"https:\/\/musiqueenchemin.fr\/index.php\/wp-json\/wp\/v2\/types\/page"}],"author":[{"embeddable":true,"href":"https:\/\/musiqueenchemin.fr\/index.php\/wp-json\/wp\/v2\/users\/1"}],"replies":[{"embeddable":true,"href":"https:\/\/musiqueenchemin.fr\/index.php\/wp-json\/wp\/v2\/comments?post=292"}],"version-history":[{"count":14,"href":"https:\/\/musiqueenchemin.fr\/index.php\/wp-json\/wp\/v2\/pages\/292\/revisions"}],"predecessor-version":[{"id":3977,"href":"https:\/\/musiqueenchemin.fr\/index.php\/wp-json\/wp\/v2\/pages\/292\/revisions\/3977"}],"wp:attachment":[{"href":"https:\/\/musiqueenchemin.fr\/index.php\/wp-json\/wp\/v2\/media?parent=292"}],"curies":[{"name":"wp","href":"https:\/\/api.w.org\/{rel}","templated":true}]}}