{"id":4275,"date":"2025-09-01T10:18:17","date_gmt":"2025-09-01T09:18:17","guid":{"rendered":"https:\/\/musiqueenchemin.fr\/?page_id=4275"},"modified":"2025-09-22T14:49:52","modified_gmt":"2025-09-22T13:49:52","slug":"festival-2025-2","status":"publish","type":"page","link":"https:\/\/musiqueenchemin.fr\/index.php\/festival-2025-2\/","title":{"rendered":"Festival 2025"},"content":{"rendered":"\n<h1 class=\"wp-block-heading\">Festival et Saison 2025<\/h1>\n\n\n\n<p><em><strong>Le programme du festival (juillet et ao\u00fbt) se trouve apr\u00e8s celui de la saison, RV plus bas!<\/strong><\/em><\/p>\n\n\n\n<p><strong>SAISON 2025<\/strong><\/p>\n\n\n\n<h2 class=\"wp-block-heading\"><strong><a href=\"https:\/\/musiqueenchemin.fr\/index.php\/saison-2025\/\" target=\"_blank\" rel=\"noreferrer noopener\">Samedi 24 mai<\/a><\/strong><\/h2>\n\n\n\n<p>18h \u2022 Eglise de Terraube \u2022&nbsp;<strong>Concert<\/strong><\/p>\n\n\n\n<h1 class=\"wp-block-heading\"><strong>Jeu de voix<\/strong><\/h1>\n\n\n\n<h1 class=\"wp-block-heading\">Nadia Lavoyer, soprano \/ Sylvie P\u00e9rez, orgue<\/h1>\n\n\n\n<p><strong>ATTENTION, pour ce concert: Informations et r\u00e9servations : 06 80 20 50 06<\/strong><\/p>\n\n\n\n<hr class=\"wp-block-separator has-alpha-channel-opacity\"\/>\n\n\n\n<hr class=\"wp-block-separator has-alpha-channel-opacity\"\/>\n\n\n\n<h1 class=\"wp-block-heading\">3 concerts<strong>&nbsp;De Bach \u00e0 Bach<\/strong>&nbsp;en juin<\/h1>\n\n\n\n<h2 class=\"wp-block-heading\"><strong><a href=\"https:\/\/musiqueenchemin.fr\/index.php\/saison-2025\/\" target=\"_blank\" rel=\"noreferrer noopener\">Dimanche 1er juin<\/a><\/strong><\/h2>\n\n\n\n<p>18h \u2022 Coll\u00e9giale de La Romieu<\/p>\n\n\n\n<p>Ce concert sera donn\u00e9 directement \u00e0 l\u2019issue du stage de l\u2019ascension et&nbsp;<strong>ne comportera que certaines oeuvres du programme<\/strong><\/p>\n\n\n\n<p><em>GRATUIT \u2013 pas de r\u00e9servations \u2013 Dur\u00e9e: 30 min environ<\/em><\/p>\n\n\n\n<hr class=\"wp-block-separator has-alpha-channel-opacity\"\/>\n\n\n\n<h2 class=\"wp-block-heading\"><strong><a href=\"https:\/\/musiqueenchemin.fr\/index.php\/saison-2025\/\" target=\"_blank\" rel=\"noreferrer noopener\">Samedi 28 juin<\/a><\/strong><\/h2>\n\n\n\n<p>18h \u2022 Cath\u00e9drale de&nbsp;<a href=\"https:\/\/www.google.com\/maps\/place\/32100+Condom\/@43.9652956,0.2957494,20718m\/data=!3m2!1e3!4b1!4m6!3m5!1s0x12aa3b61145eec19:0x406f69c2f410740!8m2!3d43.9582229!4d0.372492!16zL20vMDE2cHg0?entry=ttu&amp;g_ep=EgoyMDI1MDQzMC4xIKXMDSoASAFQAw%3D%3D\">Condom<\/a><\/p>\n\n\n\n<p>Ce concert sera constitu\u00e9 de la totalit\u00e9 du programme !&nbsp;<em>Dur\u00e9e: 1 heure environ<\/em><\/p>\n\n\n\n<p><a href=\"https:\/\/musiqueenchemin.fr\/index.php\/reservez\/\">billetterie<\/a><\/p>\n\n\n\n<hr class=\"wp-block-separator has-alpha-channel-opacity\"\/>\n\n\n\n<h2 class=\"wp-block-heading\"><strong><a href=\"https:\/\/musiqueenchemin.fr\/index.php\/saison-2025\/\" target=\"_blank\" rel=\"noreferrer noopener\">Dimanche 29 juin<\/a><\/strong><\/h2>\n\n\n\n<p>16h30 \u2022 Eglise de&nbsp;<a href=\"https:\/\/www.google.com\/maps\/place\/40240+Labastide-d'Armagnac\/@43.9466709,-0.2000505,10362m\/data=!3m2!1e3!4b1!4m6!3m5!1s0xd55ef08af0409a9:0xab15edc9b9c0eb9c!8m2!3d43.969386!4d-0.18562!16s%2Fm%2F03m4mp9?entry=ttu&amp;g_ep=EgoyMDI1MDQzMC4xIKXMDSoASAFQAw%3D%3D\">Labastide d\u2019Armagnac<\/a>&nbsp;(<a href=\"https:\/\/www.google.com\/maps\/place\/40240+Labastide-d'Armagnac\/@43.9466709,-0.2000505,10362m\/data=!3m2!1e3!4b1!4m6!3m5!1s0xd55ef08af0409a9:0xab15edc9b9c0eb9c!8m2!3d43.969386!4d-0.18562!16s%2Fm%2F03m4mp9?entry=ttu&amp;g_ep=EgoyMDI1MDQzMC4xIKXMDSoASAFQAw%3D%3D\"><em>Landes, 40<\/em><\/a>)<\/p>\n\n\n\n<p>Ce concert sera constitu\u00e9 de la totalit\u00e9 du programme !&nbsp;<em>Dur\u00e9e: 1 heure environ<\/em><\/p>\n\n\n\n<p><strong>ATTENTION, pour ce concert: Informations et r\u00e9servations :&nbsp;07 44 89 76 66<\/strong><\/p>\n\n\n\n<hr class=\"wp-block-separator has-alpha-channel-opacity\"\/>\n\n\n\n<hr class=\"wp-block-separator has-alpha-channel-opacity\"\/>\n\n\n\n<p><strong>FESTIVAL 2025<\/strong><\/p>\n\n\n\n<h2 class=\"wp-block-heading\"><strong><a href=\"https:\/\/musiqueenchemin.fr\/index.php\/2024\/03\/09\/jeudi-18-juillet-2\/\" target=\"_blank\" rel=\"noreferrer noopener\">Jeudi 24 juillet<\/a><\/strong><\/h2>\n\n\n\n<h4 class=\"wp-block-heading\">18h30 \u2022 Espace festival<\/h4>\n\n\n\n<h1 class=\"wp-block-heading\"><a href=\"https:\/\/musiqueenchemin.fr\/index.php\/2024\/03\/09\/jeudi-18-juillet-2\/\">Mise en oreille<\/a><\/h1>\n\n\n\n<p><strong>Constance Luzzatti<\/strong>&nbsp;<strong>musicologue &amp; musicienne<\/strong><\/p>\n\n\n\n<hr class=\"wp-block-separator has-alpha-channel-opacity\"\/>\n\n\n\n<h4 class=\"wp-block-heading\">19h30 \u2022 Coll\u00e9giale de La Romieu \u2022&nbsp;<strong>Concert<\/strong><\/h4>\n\n\n\n<h1 class=\"wp-block-heading\"><a href=\"https:\/\/musiqueenchemin.fr\/index.php\/2024\/03\/09\/jeudi-18-juillet-2\/\">Barock Madrigal \u2013&nbsp;<strong>Ensemble La Main Harmonique<\/strong><\/a><\/h1>\n\n\n\n<h3 class=\"wp-block-heading\">\u0152uvres&nbsp;<em>de Schein et Sch\u00fctz<\/em><\/h3>\n\n\n\n<h5 class=\"wp-block-heading\">Ch\u0153ur Ambr\u00f2sia<br>Direction Fr\u00e9d\u00e9ric B\u00e9tous<br>Nadia Lavoyer &amp; Caroline Arnaud, sopranos<br>C\u00e9cile Banquey, alto<br>Guillaume Guti\u00e9rrez, t\u00e9nor<br>Marc Busnel, basse<br>Ulrik Gaston Larsen, archiluth<br>Etienne Floutier, viole de gambe<br>Matthieu Boutineau, orgue positif<\/h5>\n\n\n\n<hr class=\"wp-block-separator has-alpha-channel-opacity\"\/>\n\n\n\n<h4 class=\"wp-block-heading\">21h30 \u2022 Place du village \u2022<strong>&nbsp;Concert<\/strong><\/h4>\n\n\n\n<h1 class=\"wp-block-heading\"><a href=\"https:\/\/musiqueenchemin.fr\/index.php\/2024\/03\/09\/jeudi-18-juillet-2\/\">Ichiba Kuji Sextet<\/a><\/h1>\n\n\n\n<h5 class=\"wp-block-heading\">Alain Berthe, guitare<br>Mathias Durand, piano<br>Charles Poilly, basse<br>Philippe Goxes, trompette<br>Gerhome Perrier, saxophone t\u00e9nor<br>Maxime Gr\u00e9mont, batterie<\/h5>\n\n\n\n<hr class=\"wp-block-separator has-alpha-channel-opacity\"\/>\n\n\n\n<h2 class=\"wp-block-heading\"><strong><a href=\"https:\/\/musiqueenchemin.fr\/index.php\/2024\/03\/09\/vendredi-19-juillet\/\" target=\"_blank\" rel=\"noreferrer noopener\">vendredi 25 juillet<\/a><\/strong><\/h2>\n\n\n\n<h4 class=\"wp-block-heading\">11h30 \u2022 Espace Vers le beau rue Surmain \u2022&nbsp;<strong>Concert<\/strong><\/h4>\n\n\n\n<h1 class=\"wp-block-heading\"><a href=\"https:\/\/musiqueenchemin.fr\/index.php\/2024\/03\/09\/vendredi-19-juillet\/\">Astrolabi \u2013&nbsp;<strong>Gioia<\/strong><\/a><\/h1>\n\n\n\n<h3 class=\"wp-block-heading\">Villanelles, motets et musique instrumentale de Rossi, Cazzati et Kapsberger<\/h3>\n\n\n\n<h5 class=\"wp-block-heading\"><br>Timoth\u00e9 Bougon, baryton et guitare baroque<br>Guillem Giron\u00e8s, violoncelle et clavecin<br>Jordi Giron\u00e8s, th\u00e9orbe et guitare baroque<\/h5>\n\n\n\n<hr class=\"wp-block-separator has-alpha-channel-opacity\"\/>\n\n\n\n<h4 class=\"wp-block-heading\">15h \u2022 Coll\u00e9giale \u2022&nbsp;<strong>Pr\u00e9sentation mis en musique<\/strong><\/h4>\n\n\n\n<h1 class=\"wp-block-heading\"><a href=\"https:\/\/musiqueenchemin.fr\/index.php\/2024\/03\/09\/vendredi-19-juillet\/\"><strong>\u00c0 la d\u00e9couverte de l\u2019orgue de La Romieu<\/strong><\/a><a href=\"https:\/\/musiqueenchemin.fr\/index.php\/2024\/03\/09\/vendredi-19-juillet\/\"><\/a><\/h1>\n\n\n\n<h3 class=\"wp-block-heading\">Matthieu Boutineau, organiste<\/h3>\n\n\n\n<hr class=\"wp-block-separator has-alpha-channel-opacity\"\/>\n\n\n\n<h4 class=\"wp-block-heading\">16h \u2022 Salle des f\u00eates \u2022&nbsp;<strong>Atelier&nbsp;public adulte<\/strong><\/h4>\n\n\n\n<h1 class=\"wp-block-heading\"><strong><a href=\"https:\/\/musiqueenchemin.fr\/index.php\/2024\/03\/09\/vendredi-19-juillet\/\">\u00c0 la d\u00e9couverte de&nbsp;votre voix<\/a><\/strong><\/h1>\n\n\n\n<h3 class=\"wp-block-heading\">Nadia Lavoyer, chanteuse et professeure\/coach de chant<\/h3>\n\n\n\n<h4 class=\"wp-block-heading\">17h \u2022 Salle des f\u00eates \u2022&nbsp;<strong>Atelier&nbsp;public sp\u00e9cial familles<\/strong><\/h4>\n\n\n\n<h3 class=\"wp-block-heading\"><\/h3>\n\n\n\n<hr class=\"wp-block-separator has-alpha-channel-opacity\"\/>\n\n\n\n<h4 class=\"wp-block-heading\">18h00 \u2022 Espace festival<\/h4>\n\n\n\n<h1 class=\"wp-block-heading\"><strong><a href=\"https:\/\/musiqueenchemin.fr\/index.php\/2024\/03\/09\/vendredi-19-juillet\/\">Mise en Oreille<\/a><\/strong><\/h1>\n\n\n\n<h3 class=\"wp-block-heading\"><strong>Constance Luzzatti<\/strong>&nbsp;Musicologue &amp; musicienne<\/h3>\n\n\n\n<hr class=\"wp-block-separator has-alpha-channel-opacity\"\/>\n\n\n\n<h4 class=\"wp-block-heading\">19h00 \u2022 Espace festival \u2022&nbsp;<strong>Concert<\/strong><\/h4>\n\n\n\n<h1 class=\"wp-block-heading\"><strong><a href=\"https:\/\/musiqueenchemin.fr\/index.php\/2024\/03\/09\/vendredi-19-juillet\/\">Super Telemann ce c\u00e9l\u00e8bre inconnu<\/a><\/strong><\/h1>\n\n\n\n<h3 class=\"wp-block-heading\">Hommage \u00e0 la musique et au g\u00e9nie du compositeur allemand Georg Philipp Telemann<\/h3>\n\n\n\n<p><strong>Ensemble Les Timbres et Harmonia Lenis<\/strong><\/p>\n\n\n\n<h5 class=\"wp-block-heading\"><br>Les Timbres:<br>Yoko Kawakubo, violon<br>Myriam Rignol, viole de gambe<br>Julien Wolfs, orgue et clavecin<br>Harmonia Lenis:<br>Kenichi Mizuuchi, fl\u00fbte \u00e0 bec<br>Akemi Murakami, clavecin et orgue<\/h5>\n\n\n\n<hr class=\"wp-block-separator has-alpha-channel-opacity\"\/>\n\n\n\n<h4 class=\"wp-block-heading\">21h30 \u2022 Espace festival \u2022&nbsp;<strong>Concert<\/strong><\/h4>\n\n\n\n<h1 class=\"wp-block-heading\"><a href=\"https:\/\/musiqueenchemin.fr\/index.php\/2024\/03\/09\/vendredi-19-juillet\/\"><strong>La Talvera<\/strong><\/a><\/h1>\n\n\n\n<h3 class=\"wp-block-heading\">Bal trad occitan<\/h3>\n\n\n\n<h5 class=\"wp-block-heading\"><br>Daniel Loddo, accord\u00e9on diatonique, cornemuses (craba, boha\u2026), percussions<br>C\u00e9line Ricard, chant, fifre, graile, percussions<br>Zo\u00e9 Durand, banjo<br>Aelis Loddo, chant, violon, alto, percussions<\/h5>\n\n\n\n<hr class=\"wp-block-separator has-alpha-channel-opacity\"\/>\n\n\n\n<h2 class=\"wp-block-heading\"><strong><a href=\"https:\/\/musiqueenchemin.fr\/index.php\/2024\/03\/09\/samedi-20-juillet\/\" target=\"_blank\" rel=\"noreferrer noopener\">samedi 26 juillet<\/a><\/strong><\/h2>\n\n\n\n<h4 class=\"wp-block-heading\">9h00 \u2022 D\u00e9part place du village La Romieu<\/h4>\n\n\n\n<h1 class=\"wp-block-heading\"><strong><a href=\"https:\/\/musiqueenchemin.fr\/index.php\/2024\/03\/09\/samedi-20-juillet\/\">Promenade cont\u00e9e et musicale<\/a><\/strong><\/h1>\n\n\n\n<h3 class=\"wp-block-heading\">La Talvera<\/h3>\n\n\n\n<hr class=\"wp-block-separator has-alpha-channel-opacity\"\/>\n\n\n\n<h4 class=\"wp-block-heading\">10h30 \u2022 On va vers le beau \u2022 Po\u00e9sie<\/h4>\n\n\n\n<h1 class=\"wp-block-heading\"><strong><a href=\"https:\/\/musiqueenchemin.fr\/index.php\/2024\/03\/09\/samedi-20-juillet\/\">Pr\u00e9sentation du recueil Les Passag\u00e8res du vent<\/a><\/strong><\/h1>\n\n\n\n<h3 class=\"wp-block-heading\">Po\u00e8mes de La\u00ebtitia Klotz et dessins de Carla Talopp<\/h3>\n\n\n\n<hr class=\"wp-block-separator has-alpha-channel-opacity\"\/>\n\n\n\n<h4 class=\"wp-block-heading\">11h30 \u2022 Espace Vers le beau rue Surmain \u2022 Concert<\/h4>\n\n\n\n<h1 class=\"wp-block-heading\"><strong><a href=\"https:\/\/musiqueenchemin.fr\/index.php\/2024\/03\/09\/samedi-20-juillet\/\">Clavecin et viole de Gambe<\/a><\/strong><\/h1>\n\n\n\n<h3 class=\"wp-block-heading\">Sonates de Bach<\/h3>\n\n\n\n<h5 class=\"wp-block-heading\"><br>Matthieu Boutineau, clavecin<br>Mathilde Vialle, viole de gambe<\/h5>\n\n\n\n<hr class=\"wp-block-separator has-alpha-channel-opacity\"\/>\n\n\n\n<h4 class=\"wp-block-heading\">14h \u2022 Espace festival \u2022 Conf\u00e9rence<\/h4>\n\n\n\n<h1 class=\"wp-block-heading\"><strong><a href=\"https:\/\/musiqueenchemin.fr\/index.php\/2024\/03\/09\/samedi-20-juillet\/\">Bifurquer ou ne pas bifurquer ?<\/a><\/strong><\/h1>\n\n\n\n<h2 class=\"wp-block-heading\">R\u00e9flexions d\u2019une doctorante sur la pratique de la recherche<\/h2>\n\n\n\n<h5 class=\"wp-block-heading\">Sol\u00e8ne Lemichez \u2013 Anim\u00e9e par Guy Foulquier de l\u2019association Lectoure \u00e0 voix haute<\/h5>\n\n\n\n<hr class=\"wp-block-separator has-alpha-channel-opacity\"\/>\n\n\n\n<h4 class=\"wp-block-heading\">15h30 \u2022 Salle des f\u00eates \u2022 Atelier<\/h4>\n\n\n\n<h1 class=\"wp-block-heading\"><strong><a href=\"https:\/\/musiqueenchemin.fr\/index.php\/2024\/03\/09\/samedi-20-juillet\/\">Explorer notre lien \u00e0 la nature<\/a><\/strong><\/h1>\n\n\n\n<h2 class=\"wp-block-heading\">S\u2019ouvrir, par le geste et les couleurs, aux \u00e9motions qui nous relient \u00e0 la nature<\/h2>\n\n\n\n<hr class=\"wp-block-separator has-alpha-channel-opacity\"\/>\n\n\n\n<h4 class=\"wp-block-heading\">18h00 \u2022 Espace festival<\/h4>\n\n\n\n<h1 class=\"wp-block-heading\"><strong><a href=\"https:\/\/musiqueenchemin.fr\/index.php\/2024\/03\/09\/samedi-20-juillet\/\">Mise en Oreille<\/a><\/strong><\/h1>\n\n\n\n<h3 class=\"wp-block-heading\">Constance Luzzatti&nbsp;Musicologue &amp; musicienne<\/h3>\n\n\n\n<hr class=\"wp-block-separator has-alpha-channel-opacity\"\/>\n\n\n\n<h4 class=\"wp-block-heading\">19h00 \u2022 Coll\u00e9giale \u2022 Concert<\/h4>\n\n\n\n<h1 class=\"wp-block-heading\"><strong><a href=\"https:\/\/musiqueenchemin.fr\/index.php\/2024\/03\/09\/samedi-20-juillet\/\">Thomas Enhco&nbsp;\u2013&nbsp;Mozart Paradox<\/a><\/strong><\/h1>\n\n\n\n<h3 class=\"wp-block-heading\">Thomas Enhco, piano<\/h3>\n\n\n\n<hr class=\"wp-block-separator has-alpha-channel-opacity\"\/>\n\n\n\n<h4 class=\"wp-block-heading\">21h30 \u2022 Espace festival \u2022 Soir\u00e9e dansante<\/h4>\n\n\n\n<h1 class=\"wp-block-heading\"><a href=\"https:\/\/musiqueenchemin.fr\/index.php\/2024\/03\/09\/samedi-20-juillet\/\"><strong>Le Petit Bal de Poche<\/strong><\/a><\/h1>\n\n\n\n<h3 class=\"wp-block-heading\">Cyclo bal<\/h3>\n\n\n\n<h5 class=\"wp-block-heading\"><br>Lucien Alfonso, chant, violon<br>Thomas Alfonso, trompette<br>R\u00e9mi Oswald, guitare<br>Pierre-Yves Le Jeune, bass<br>Kevin Lucchetti, batterie<\/h5>\n\n\n\n<h2 class=\"wp-block-heading\"><strong><a href=\"https:\/\/musiqueenchemin.fr\/index.php\/2024\/03\/09\/samedi-10-aout\/\" target=\"_blank\" rel=\"noreferrer noopener\">vendredi 15 ao\u00fbt<\/a><\/strong><\/h2>\n\n\n\n<h4 class=\"wp-block-heading\">21h \u2022 Coll\u00e9giale \u2022 Concert<\/h4>\n\n\n\n<h4 class=\"wp-block-heading\"><strong>ATTENTION, ce concert est annonc\u00e9 \u00e0 20h30 sur certains de nos supports mais aura bien lieu \u00e0 21h<\/strong><\/h4>\n\n\n\n<h1 class=\"wp-block-heading\"><strong><a href=\"https:\/\/musiqueenchemin.fr\/index.php\/2024\/03\/09\/samedi-10-aout\/\">Kathy Boy\u00e9 &amp; Vocal Colors<\/a><\/strong><\/h1>\n\n\n\n<h3 class=\"wp-block-heading\">Un univers entre gospel et blues<\/h3>\n\n\n\n<h5 class=\"wp-block-heading\">Kathy Boy\u00e9, alto, arrangements, harmonica, piano<br>Lindy E Berry, soprano<br>Natacha Kanga, contralto<br>Soul James, baryton martin<br>Daniel Stec, piano et orgue<br>Fabien Tournier, percussions et batterie<\/h5>\n\n\n\n<h5 class=\"wp-block-heading\"><\/h5>\n\n\n\n<p><a href=\"https:\/\/musiqueenchemin.fr\/\">Accueil<\/a>&nbsp;\u00bb&nbsp;Festival et Saison 2025<\/p>\n","protected":false},"excerpt":{"rendered":"<p>Festival et Saison 2025 Le programme du festival (juillet et ao\u00fbt) se trouve apr\u00e8s celui de la saison, RV plus bas! SAISON 2025 Samedi 24 mai 18h \u2022 Eglise de Terraube \u2022&nbsp;Concert Jeu de voix Nadia Lavoyer, soprano \/ Sylvie P\u00e9rez, orgue ATTENTION, pour ce concert: Informations et r\u00e9servations : 06 80 20 50 06 [&hellip;]<\/p>\n","protected":false},"author":2,"featured_media":0,"parent":0,"menu_order":0,"comment_status":"closed","ping_status":"closed","template":"","meta":{"cwp_meta_box_check":"No","cwp_rev_product_name":"","cwp_rev_product_image":"","wppr_links":[],"cwp_rev_price":"","wppr_options":[],"wppr_pros":[],"wppr_cons":[],"footnotes":""},"class_list":["post-4275","page","type-page","status-publish","hentry"],"wppr_data":{"cwp_meta_box_check":"No"},"yoast_head":"<!-- This site is optimized with the Yoast SEO plugin v25.0 - https:\/\/yoast.com\/wordpress\/plugins\/seo\/ -->\n<title>Festival 2025 - Musique en Chemin<\/title>\n<meta name=\"robots\" content=\"index, follow, max-snippet:-1, max-image-preview:large, max-video-preview:-1\" \/>\n<link rel=\"canonical\" href=\"https:\/\/musiqueenchemin.fr\/index.php\/festival-2025-2\/\" \/>\n<meta property=\"og:locale\" content=\"fr_FR\" \/>\n<meta property=\"og:type\" content=\"article\" \/>\n<meta property=\"og:title\" content=\"Festival 2025 - Musique en Chemin\" \/>\n<meta property=\"og:description\" content=\"Festival et Saison 2025 Le programme du festival (juillet et ao\u00fbt) se trouve apr\u00e8s celui de la saison, RV plus bas! SAISON 2025 Samedi 24 mai 18h \u2022 Eglise de Terraube \u2022&nbsp;Concert Jeu de voix Nadia Lavoyer, soprano \/ Sylvie P\u00e9rez, orgue ATTENTION, pour ce concert: Informations et r\u00e9servations : 06 80 20 50 06 [&hellip;]\" \/>\n<meta property=\"og:url\" content=\"https:\/\/musiqueenchemin.fr\/index.php\/festival-2025-2\/\" \/>\n<meta property=\"og:site_name\" content=\"Musique en Chemin\" \/>\n<meta property=\"article:modified_time\" content=\"2025-09-22T13:49:52+00:00\" \/>\n<meta name=\"twitter:card\" content=\"summary_large_image\" \/>\n<meta name=\"twitter:label1\" content=\"Dur\u00e9e de lecture estim\u00e9e\" \/>\n\t<meta name=\"twitter:data1\" content=\"4 minutes\" \/>\n<script type=\"application\/ld+json\" class=\"yoast-schema-graph\">{\"@context\":\"https:\/\/schema.org\",\"@graph\":[{\"@type\":\"WebPage\",\"@id\":\"https:\/\/musiqueenchemin.fr\/index.php\/festival-2025-2\/\",\"url\":\"https:\/\/musiqueenchemin.fr\/index.php\/festival-2025-2\/\",\"name\":\"Festival 2025 - Musique en Chemin\",\"isPartOf\":{\"@id\":\"https:\/\/musiqueenchemin.fr\/#website\"},\"datePublished\":\"2025-09-01T09:18:17+00:00\",\"dateModified\":\"2025-09-22T13:49:52+00:00\",\"breadcrumb\":{\"@id\":\"https:\/\/musiqueenchemin.fr\/index.php\/festival-2025-2\/#breadcrumb\"},\"inLanguage\":\"fr-FR\",\"potentialAction\":[{\"@type\":\"ReadAction\",\"target\":[\"https:\/\/musiqueenchemin.fr\/index.php\/festival-2025-2\/\"]}]},{\"@type\":\"BreadcrumbList\",\"@id\":\"https:\/\/musiqueenchemin.fr\/index.php\/festival-2025-2\/#breadcrumb\",\"itemListElement\":[{\"@type\":\"ListItem\",\"position\":1,\"name\":\"Accueil\",\"item\":\"https:\/\/musiqueenchemin.fr\/\"},{\"@type\":\"ListItem\",\"position\":2,\"name\":\"Festival 2025\"}]},{\"@type\":\"WebSite\",\"@id\":\"https:\/\/musiqueenchemin.fr\/#website\",\"url\":\"https:\/\/musiqueenchemin.fr\/\",\"name\":\"Musique en Chemin\",\"description\":\"Saison &amp; Festival\",\"publisher\":{\"@id\":\"https:\/\/musiqueenchemin.fr\/#organization\"},\"potentialAction\":[{\"@type\":\"SearchAction\",\"target\":{\"@type\":\"EntryPoint\",\"urlTemplate\":\"https:\/\/musiqueenchemin.fr\/?s={search_term_string}\"},\"query-input\":{\"@type\":\"PropertyValueSpecification\",\"valueRequired\":true,\"valueName\":\"search_term_string\"}}],\"inLanguage\":\"fr-FR\"},{\"@type\":\"Organization\",\"@id\":\"https:\/\/musiqueenchemin.fr\/#organization\",\"name\":\"Musique en Chemin\",\"url\":\"https:\/\/musiqueenchemin.fr\/\",\"logo\":{\"@type\":\"ImageObject\",\"inLanguage\":\"fr-FR\",\"@id\":\"https:\/\/musiqueenchemin.fr\/#\/schema\/logo\/image\/\",\"url\":\"http:\/\/musiqueenchemin.fr\/wp-content\/uploads\/2024\/03\/huppe-jaune-2024.png\",\"contentUrl\":\"http:\/\/musiqueenchemin.fr\/wp-content\/uploads\/2024\/03\/huppe-jaune-2024.png\",\"width\":560,\"height\":387,\"caption\":\"Musique en Chemin\"},\"image\":{\"@id\":\"https:\/\/musiqueenchemin.fr\/#\/schema\/logo\/image\/\"}}]}<\/script>\n<!-- \/ Yoast SEO plugin. -->","yoast_head_json":{"title":"Festival 2025 - Musique en Chemin","robots":{"index":"index","follow":"follow","max-snippet":"max-snippet:-1","max-image-preview":"max-image-preview:large","max-video-preview":"max-video-preview:-1"},"canonical":"https:\/\/musiqueenchemin.fr\/index.php\/festival-2025-2\/","og_locale":"fr_FR","og_type":"article","og_title":"Festival 2025 - Musique en Chemin","og_description":"Festival et Saison 2025 Le programme du festival (juillet et ao\u00fbt) se trouve apr\u00e8s celui de la saison, RV plus bas! SAISON 2025 Samedi 24 mai 18h \u2022 Eglise de Terraube \u2022&nbsp;Concert Jeu de voix Nadia Lavoyer, soprano \/ Sylvie P\u00e9rez, orgue ATTENTION, pour ce concert: Informations et r\u00e9servations : 06 80 20 50 06 [&hellip;]","og_url":"https:\/\/musiqueenchemin.fr\/index.php\/festival-2025-2\/","og_site_name":"Musique en Chemin","article_modified_time":"2025-09-22T13:49:52+00:00","twitter_card":"summary_large_image","twitter_misc":{"Dur\u00e9e de lecture estim\u00e9e":"4 minutes"},"schema":{"@context":"https:\/\/schema.org","@graph":[{"@type":"WebPage","@id":"https:\/\/musiqueenchemin.fr\/index.php\/festival-2025-2\/","url":"https:\/\/musiqueenchemin.fr\/index.php\/festival-2025-2\/","name":"Festival 2025 - Musique en Chemin","isPartOf":{"@id":"https:\/\/musiqueenchemin.fr\/#website"},"datePublished":"2025-09-01T09:18:17+00:00","dateModified":"2025-09-22T13:49:52+00:00","breadcrumb":{"@id":"https:\/\/musiqueenchemin.fr\/index.php\/festival-2025-2\/#breadcrumb"},"inLanguage":"fr-FR","potentialAction":[{"@type":"ReadAction","target":["https:\/\/musiqueenchemin.fr\/index.php\/festival-2025-2\/"]}]},{"@type":"BreadcrumbList","@id":"https:\/\/musiqueenchemin.fr\/index.php\/festival-2025-2\/#breadcrumb","itemListElement":[{"@type":"ListItem","position":1,"name":"Accueil","item":"https:\/\/musiqueenchemin.fr\/"},{"@type":"ListItem","position":2,"name":"Festival 2025"}]},{"@type":"WebSite","@id":"https:\/\/musiqueenchemin.fr\/#website","url":"https:\/\/musiqueenchemin.fr\/","name":"Musique en Chemin","description":"Saison &amp; Festival","publisher":{"@id":"https:\/\/musiqueenchemin.fr\/#organization"},"potentialAction":[{"@type":"SearchAction","target":{"@type":"EntryPoint","urlTemplate":"https:\/\/musiqueenchemin.fr\/?s={search_term_string}"},"query-input":{"@type":"PropertyValueSpecification","valueRequired":true,"valueName":"search_term_string"}}],"inLanguage":"fr-FR"},{"@type":"Organization","@id":"https:\/\/musiqueenchemin.fr\/#organization","name":"Musique en Chemin","url":"https:\/\/musiqueenchemin.fr\/","logo":{"@type":"ImageObject","inLanguage":"fr-FR","@id":"https:\/\/musiqueenchemin.fr\/#\/schema\/logo\/image\/","url":"http:\/\/musiqueenchemin.fr\/wp-content\/uploads\/2024\/03\/huppe-jaune-2024.png","contentUrl":"http:\/\/musiqueenchemin.fr\/wp-content\/uploads\/2024\/03\/huppe-jaune-2024.png","width":560,"height":387,"caption":"Musique en Chemin"},"image":{"@id":"https:\/\/musiqueenchemin.fr\/#\/schema\/logo\/image\/"}}]}},"_links":{"self":[{"href":"https:\/\/musiqueenchemin.fr\/index.php\/wp-json\/wp\/v2\/pages\/4275","targetHints":{"allow":["GET"]}}],"collection":[{"href":"https:\/\/musiqueenchemin.fr\/index.php\/wp-json\/wp\/v2\/pages"}],"about":[{"href":"https:\/\/musiqueenchemin.fr\/index.php\/wp-json\/wp\/v2\/types\/page"}],"author":[{"embeddable":true,"href":"https:\/\/musiqueenchemin.fr\/index.php\/wp-json\/wp\/v2\/users\/2"}],"replies":[{"embeddable":true,"href":"https:\/\/musiqueenchemin.fr\/index.php\/wp-json\/wp\/v2\/comments?post=4275"}],"version-history":[{"count":3,"href":"https:\/\/musiqueenchemin.fr\/index.php\/wp-json\/wp\/v2\/pages\/4275\/revisions"}],"predecessor-version":[{"id":4283,"href":"https:\/\/musiqueenchemin.fr\/index.php\/wp-json\/wp\/v2\/pages\/4275\/revisions\/4283"}],"wp:attachment":[{"href":"https:\/\/musiqueenchemin.fr\/index.php\/wp-json\/wp\/v2\/media?parent=4275"}],"curies":[{"name":"wp","href":"https:\/\/api.w.org\/{rel}","templated":true}]}}