{"id":620,"date":"2016-05-02T08:22:27","date_gmt":"2016-05-02T07:22:27","guid":{"rendered":"http:\/\/musiqueenchemin.fr\/blog\/?page_id=620"},"modified":"2026-04-29T17:28:34","modified_gmt":"2026-04-29T16:28:34","slug":"page-accueil","status":"publish","type":"page","link":"https:\/\/musiqueenchemin.fr\/","title":{"rendered":"ACCUEIL"},"content":{"rendered":"\n<hr class=\"wp-block-separator has-text-color has-black-color has-alpha-channel-opacity has-black-background-color has-background\"\/>\n\n\n\n<div class=\"wp-block-columns is-layout-flex wp-container-core-columns-is-layout-9d6595d7 wp-block-columns-is-layout-flex\">\n<div class=\"wp-block-column is-layout-flow wp-block-column-is-layout-flow\" style=\"flex-basis:66.66%\">\n<h3 class=\"wp-block-heading\"><strong>Le Festival Musique en Chemin<\/strong>, \u00e0 La Romieu dans le Gers, propose des concerts, des conf\u00e9rences, des ateliers autour des musiques de r\u00e9pertoire et de cr\u00e9ation, en \u00e9cho avec les autres arts, l\u2019\u00e9cologie et&nbsp;les questions de soci\u00e9t\u00e9. <\/h3>\n\n\n\n<h3 class=\"wp-block-heading\">C\u2019est un espace \u00e9ph\u00e9m\u00e8re,&nbsp;une utopie&nbsp;gersoise&nbsp;co-construite&nbsp;et po\u00e9tique o\u00f9 se c\u00f4toient savoir, sensibilit\u00e9 artistique et intelligence du c\u0153ur.<br><br>Nous avons \u00e0 coeur de proposer chaque ann\u00e9e des \u00e9v\u00e9nements accessibles \u00e0 toutes et tous ! Petits et grands sont les bienvenus sur l&#8217;ensemble des concerts, balades musicales, conf\u00e9rences et ateliers ! <\/h3>\n<\/div>\n\n\n\n<div class=\"wp-block-column is-layout-flow wp-block-column-is-layout-flow\" style=\"flex-basis:33.33%\">\n<p class=\"has-text-color has-link-color wp-elements-5d77709834d25e6dee927a41ab58dab4\" style=\"color:#d03716;font-size:22px\"><em><strong>&#8220;En conviant tous ces artistes et penseurs.ses venu.e.s d&#8217;horizons divers sur notre territoire, nous voulons susciter la rencontre, la d\u00e9couverte et partager collectivement nos go\u00fbts et nos id\u00e9es.&#8221;<\/strong><\/em><\/p>\n\n\n\n<p class=\"has-text-color has-link-color has-medium-font-size wp-elements-e6a2ec4d01567ebab8879efca11b94a5\" style=\"color:#d03716\">Nadia Lavoyer et Fr\u00e9d\u00e9ric B\u00e9tous, co-directeurs.rices de Musique en Chemin<\/p>\n<\/div>\n<\/div>\n\n\n\n<figure class=\"wp-block-embed is-type-video is-provider-youtube wp-block-embed-youtube wp-embed-aspect-16-9 wp-has-aspect-ratio\"><div class=\"wp-block-embed__wrapper\">\n<iframe loading=\"lazy\" title=\"AFTERMOVIE - Festival Musique en Chemin 2023\" width=\"1160\" height=\"653\" src=\"https:\/\/www.youtube.com\/embed\/v34irWnYD9o?feature=oembed\" frameborder=\"0\" allow=\"accelerometer; autoplay; clipboard-write; encrypted-media; gyroscope; picture-in-picture; web-share\" referrerpolicy=\"strict-origin-when-cross-origin\" allowfullscreen><\/iframe>\n<\/div><figcaption class=\"wp-element-caption\">\u00a9 Orane Benoit <\/figcaption><\/figure>\n\n\n\n<hr class=\"wp-block-separator has-text-color has-black-color has-alpha-channel-opacity has-black-background-color has-background\"\/>\n\n\n\n<div class=\"wp-block-columns is-layout-flex wp-container-core-columns-is-layout-9d6595d7 wp-block-columns-is-layout-flex\">\n<div class=\"wp-block-column is-layout-flow wp-block-column-is-layout-flow\">\n<h3 class=\"wp-block-heading has-text-align-left\"><strong>Nos engagements<\/strong><\/h3>\n\n\n\n<figure class=\"wp-block-image size-full is-resized\"><img loading=\"lazy\" decoding=\"async\" width=\"560\" height=\"387\" src=\"http:\/\/musiqueenchemin.fr\/wp-content\/uploads\/2024\/03\/huppe-rouge-2024.png\" alt=\"\" class=\"wp-image-3601\" style=\"width:112px;height:auto\" srcset=\"https:\/\/musiqueenchemin.fr\/wp-content\/uploads\/2024\/03\/huppe-rouge-2024.png 560w, https:\/\/musiqueenchemin.fr\/wp-content\/uploads\/2024\/03\/huppe-rouge-2024-300x207.png 300w, https:\/\/musiqueenchemin.fr\/wp-content\/uploads\/2024\/03\/huppe-rouge-2024-50x35.png 50w\" sizes=\"auto, (max-width: 560px) 100vw, 560px\" \/><\/figure>\n\n\n\n<p class=\"has-text-align-left\" style=\"font-size:18px\">Le festival est ouvert \u00e0 tous et propose de nombreux \u00e9v\u00e9nements en acc\u00e8s libre.<\/p>\n\n\n\n<p class=\"has-text-align-left\" style=\"font-size:18px\">Les sujets abord\u00e9s au festival sont \u00e9clectiques, non partisans et bienveillants.<\/p>\n\n\n\n<p class=\"has-text-align-left\" style=\"font-size:18px\">Nous d\u00e9fendons l&#8217;\u00e9galit\u00e9 des genres et appliquons la parit\u00e9 dans notre programmation et au sein de nos \u00e9quipes administratives et techniques.&nbsp;<\/p>\n\n\n\n<p class=\"has-text-align-left\" style=\"font-size:18px\">Musique en Chemin s\u2019engage dans des pratiques vertueuses et durables pour pr\u00e9server l\u2019environnement<strong>.<\/strong><\/p>\n\n\n\n<p class=\"has-text-align-left\" style=\"font-size:18px\">Aucun artiste ne viendra en avion.&nbsp;<\/p>\n\n\n\n<p class=\"has-text-align-left\" style=\"font-size:18px\">Les repas servis seront&nbsp;100% bio et issus de produits locaux et de saison&nbsp;et&nbsp;majoritairement&nbsp;v\u00e9g\u00e9tariens.&nbsp;&nbsp;<\/p>\n\n\n\n<p class=\"has-text-align-left\" style=\"font-size:18px\">Chaque ann\u00e9e nous poursuivons les actions d\u00e9j\u00e0 engag\u00e9es notamment en mati\u00e8re de gestion des d\u00e9chets, de suppression de tous les plastiques \u00e0 usage unique sur le festival.<\/p>\n\n\n\n<p class=\"has-text-align-left\" style=\"font-size:18px\">Si des b\u00e9n\u00e9fices sont engendr\u00e9s, ils serviront en premier lieu \u00e0 r\u00e9duire l\u2019empreinte carbone du festival.<\/p>\n<\/div>\n\n\n\n<div class=\"wp-block-column is-layout-flow wp-block-column-is-layout-flow\">\n<h3 class=\"wp-block-heading has-text-align-left\"><strong>Musique en Chemin s\u2019engage aussi en rentrant dans le processus de labellisation \u00ab&nbsp;\u00e9v\u00e8nement d\u00e9tonnant&nbsp;\u00bb&nbsp;! \u2028Un \u00e9v\u00e9nement d\u00e9tonnant, qu\u2019est-ce que c\u2019est ?<\/strong><\/h3>\n\n\n\n<figure class=\"wp-block-image size-large is-resized\"><img loading=\"lazy\" decoding=\"async\" width=\"1024\" height=\"823\" src=\"http:\/\/musiqueenchemin.fr\/wp-content\/uploads\/2025\/04\/Logo-label-evenement-detonnant-niveau-1-2024-copie-1024x823.png\" alt=\"\" class=\"wp-image-3975\" style=\"width:171px;height:auto\" srcset=\"https:\/\/musiqueenchemin.fr\/wp-content\/uploads\/2025\/04\/Logo-label-evenement-detonnant-niveau-1-2024-copie-1024x823.png 1024w, https:\/\/musiqueenchemin.fr\/wp-content\/uploads\/2025\/04\/Logo-label-evenement-detonnant-niveau-1-2024-copie-300x241.png 300w, https:\/\/musiqueenchemin.fr\/wp-content\/uploads\/2025\/04\/Logo-label-evenement-detonnant-niveau-1-2024-copie-768x617.png 768w, https:\/\/musiqueenchemin.fr\/wp-content\/uploads\/2025\/04\/Logo-label-evenement-detonnant-niveau-1-2024-copie-1536x1234.png 1536w, https:\/\/musiqueenchemin.fr\/wp-content\/uploads\/2025\/04\/Logo-label-evenement-detonnant-niveau-1-2024-copie-2048x1646.png 2048w, https:\/\/musiqueenchemin.fr\/wp-content\/uploads\/2025\/04\/Logo-label-evenement-detonnant-niveau-1-2024-copie-50x40.png 50w, https:\/\/musiqueenchemin.fr\/wp-content\/uploads\/2025\/04\/Logo-label-evenement-detonnant-niveau-1-2024-copie-820x659.png 820w\" sizes=\"auto, (max-width: 1024px) 100vw, 1024px\" \/><\/figure>\n\n\n\n<p class=\"has-text-align-left\" style=\"font-size:18px\">C\u2019est un \u00e9v\u00e9nement qui contraste avec les propositions \u00e9v\u00e9nementielles actuelles, un \u00e9v\u00e9nement engag\u00e9 et responsable. Soucieux de r\u00e9duire son impact environnemental, il f\u00e9d\u00e8re et mobilise ses \u00e9quipes, partenaires et publics sur les questions de transition \u00e9cologique et soci\u00e9tale, et se donne les moyens de d\u00e9ployer une d\u00e9marche \u00e9co-responsable globale, structur\u00e9e et en am\u00e9lioration continue.\u2028\u2028C\u2019est aussi et logiquement un \u00e9v\u00e9nement qui d\u00e9-tonne puisqu\u2019il r\u00e9duit ses \u00e9missions de carbone, ses d\u00e9chets, ses consommations d\u2019\u00e9nergie et de ressources utilis\u00e9es pour sa mise en \u0153uvre. Et qui \u00e9tonne, en proposant d\u2019exp\u00e9rimenter la transition \u00e9cologique et soci\u00e9tale sous de nouvelles formes, plus soutenables et inclusives !&#8221;<br>En partenariat avec l\u2019association El\u00e9ment\u2019erre<\/p>\n<\/div>\n<\/div>\n\n\n\n<hr class=\"wp-block-separator has-text-color has-black-color has-alpha-channel-opacity has-black-background-color has-background\"\/>\n\n\n\n<h3 class=\"wp-block-heading has-text-align-center\">Inscrivez-vous \u00e0 notre newsletter <\/h3>\n\n\n<script>(function() {\n\twindow.mc4wp = window.mc4wp || {\n\t\tlisteners: [],\n\t\tforms: {\n\t\t\ton: function(evt, cb) {\n\t\t\t\twindow.mc4wp.listeners.push(\n\t\t\t\t\t{\n\t\t\t\t\t\tevent   : evt,\n\t\t\t\t\t\tcallback: cb\n\t\t\t\t\t}\n\t\t\t\t);\n\t\t\t}\n\t\t}\n\t}\n})();\n<\/script><!-- Mailchimp for WordPress v4.9.3 - https:\/\/wordpress.org\/plugins\/mailchimp-for-wp\/ --><form id=\"mc4wp-form-1\" class=\"mc4wp-form mc4wp-form-3118\" method=\"post\" data-id=\"3118\" data-name=\"Suivez-nous\" ><div class=\"mc4wp-form-fields\"><p>\r\n    <label>Nom<\/label>\r\n    <input type=\"text\" name=\"FNAME\" required=\"\">\r\n<\/p>\r\n<p>\r\n    <label>Pr\u00e9nom<\/label>\r\n    <input type=\"text\" name=\"LNAME\" required=\"\">\r\n<\/p>\r\n<p>\r\n\t<label>Adresse de courrier \u00e9lectronique<\/label> \r\n\t\t<input type=\"email\" name=\"EMAIL\" placeholder=\"Votre adresse de courrier \u00e9lectronique\" required=\"\">\r\n\r\n<\/p>\r\n\r\n<p>\r\n\t<input type=\"submit\" value=\"Abonnez-vous\" \/>\r\n<\/p><\/div><label style=\"display: none !important;\">Laissez ce champ vide si vous \u00eates humain\u00a0: <input type=\"text\" name=\"_mc4wp_honeypot\" value=\"\" tabindex=\"-1\" autocomplete=\"off\" \/><\/label><input type=\"hidden\" name=\"_mc4wp_timestamp\" value=\"1778068645\" \/><input type=\"hidden\" name=\"_mc4wp_form_id\" value=\"3118\" \/><input type=\"hidden\" name=\"_mc4wp_form_element_id\" value=\"mc4wp-form-1\" \/><div class=\"mc4wp-response\"><\/div><\/form><!-- \/ Mailchimp for WordPress Plugin -->\n\n\n\n<hr class=\"wp-block-separator has-text-color has-black-color has-alpha-channel-opacity has-black-background-color has-background\"\/>\n\n\n\n<h3 class=\"wp-block-heading has-text-align-center\">Venez en covoiturage<\/h3>\n\n\n\n<p class=\"has-text-align-center has-medium-font-size\">Proposez une place ou cherchez un trajet sur la page Musique en Chemin de <strong>Togetzer<\/strong><\/p>\n\n\n\n<div class=\"wp-block-buttons is-content-justification-center is-layout-flex wp-container-core-buttons-is-layout-16018d1d wp-block-buttons-is-layout-flex\">\n<div class=\"wp-block-button\"><a class=\"wp-block-button__link has-background wp-element-button\" href=\"https:\/\/togetzer.com\/covoiturage-evenement\/nvw9y3\" style=\"background-color:#d03716\" target=\"_blank\" rel=\"noreferrer noopener\">Par ici pour le covoiturage !<\/a><\/div>\n<\/div>\n\n\n\n<h3 class=\"wp-block-heading has-text-align-center\">Venez \u00e0 v\u00e9lo<\/h3>\n\n\n\n<p class=\"has-text-align-center has-medium-font-size\"><strong>Rendez-vous sur l&#8217;appli&nbsp;<a href=\"https:\/\/geovelo.app\/fr\/\">G\u00e9ov\u00e9lo<\/a>&nbsp;pour conna\u00eetre les meilleurs itin\u00e9raires<\/strong><br>Il est possible de recharger vos v\u00e9los \u00e9lectriques sur le festival ! Adressez-vous au point d&#8217;accueil pour plus d&#8217;informations<\/p>\n\n\n\n<hr class=\"wp-block-separator has-text-color has-black-color has-alpha-channel-opacity has-black-background-color has-background\"\/>\n\n\n\n<figure class=\"wp-block-image size-large\"><img loading=\"lazy\" decoding=\"async\" width=\"1024\" height=\"136\" src=\"http:\/\/musiqueenchemin.fr\/wp-content\/uploads\/2026\/04\/2026_BANDEAU-FESTIK-SAISON-1024x136.jpg\" alt=\"\" class=\"wp-image-4571\" srcset=\"https:\/\/musiqueenchemin.fr\/wp-content\/uploads\/2026\/04\/2026_BANDEAU-FESTIK-SAISON-1024x136.jpg 1024w, https:\/\/musiqueenchemin.fr\/wp-content\/uploads\/2026\/04\/2026_BANDEAU-FESTIK-SAISON-300x40.jpg 300w, https:\/\/musiqueenchemin.fr\/wp-content\/uploads\/2026\/04\/2026_BANDEAU-FESTIK-SAISON-768x102.jpg 768w, https:\/\/musiqueenchemin.fr\/wp-content\/uploads\/2026\/04\/2026_BANDEAU-FESTIK-SAISON-1536x205.jpg 1536w, https:\/\/musiqueenchemin.fr\/wp-content\/uploads\/2026\/04\/2026_BANDEAU-FESTIK-SAISON-2048x273.jpg 2048w, https:\/\/musiqueenchemin.fr\/wp-content\/uploads\/2026\/04\/2026_BANDEAU-FESTIK-SAISON-50x7.jpg 50w, https:\/\/musiqueenchemin.fr\/wp-content\/uploads\/2026\/04\/2026_BANDEAU-FESTIK-SAISON-820x109.jpg 820w\" sizes=\"auto, (max-width: 1024px) 100vw, 1024px\" \/><\/figure>\n\n\n\n<h2 class=\"wp-block-heading has-text-align-center\">L\u2019Association La Main Harmonique, association organisatrice du festival<\/h2>\n\n\n\n<p style=\"font-size:18px\">Implant\u00e9e depuis 2010 dans le nord du Gers, en r\u00e9gion Midi-Pyr\u00e9n\u00e9es, l\u2019association La Main Harmonique a pour but de promouvoir par les spectacles, concerts, stages et enregistrements, un r\u00e9pertoire musical vocal et instrumental qui s\u2019\u00e9tend de la musique ancienne \u00e0 la cr\u00e9ation contemporaine.<\/p>\n\n\n\n<p style=\"font-size:18px\">L\u2019association est en r\u00e9sidence depuis 2014 dans la commune de La Romieu qui se trouve sur une portion du Chemin de Saint-Jacques-de-Compostelle inscrite au Patrimoine de l\u2019Unesco.<br>La Main Harmonique souhaite faire r\u00e9sonner les splendeurs du patrimoine mat\u00e9riel qui l\u2019entoure par les richesses du patrimoine immat\u00e9riel qu\u2019elle promeut, pour initier les rencontres artistiques et humaines autour de ces d\u00e9couvertes.<\/p>\n\n\n\n<h3 class=\"wp-block-heading has-text-align-center\">L\u2019Association La Main Harmonique, c\u2019est&nbsp;:<\/h3>\n\n\n\n<p style=\"font-size:18px\"><strong>\u2013 l\u2019Ensemble La Main Harmonique<\/strong>, sous la direction de Fr\u00e9d\u00e9ric B\u00e9tous et Nadia Lavoyer, est d\u00e9di\u00e9 \u00e0 l\u2019interpr\u00e9tation de la musique polyphonique de la Renaissance et \u00e0 la cr\u00e9ation au moyen de projets transversaux et de commandes \u00e0 des compositeurs d\u2019aujourd\u2019hui<\/p>\n\n\n\n<h4 class=\"wp-block-heading\" style=\"font-size:18px\">D\u00e9couvrez l\u2019ensemble La Main Harmonique&nbsp;:&nbsp;<a href=\"http:\/\/www.lamainharmonique.fr\/\">www.lamainharmonique.fr<\/a><\/h4>\n\n\n\n<p style=\"font-size:18px\"><strong>\u2013 le festival \u00ab Musique en Chemin \u00bb et sa saison<\/strong><\/p>\n\n\n\n<p style=\"font-size:18px\"><strong>\u2013 une d\u00e9marche p\u00e9dagogique<\/strong>&nbsp;tourn\u00e9e plus sp\u00e9cifiquement vers la pratique amateur avec le ch\u0153ur \u00ab Ambr\u00f2sia \u00bb et l\u2019organisation de stages<\/p>\n\n\n\n<div class=\"wp-block-columns is-layout-flex wp-container-core-columns-is-layout-9d6595d7 wp-block-columns-is-layout-flex\">\n<div class=\"wp-block-column is-layout-flow wp-block-column-is-layout-flow\">\n<figure class=\"wp-block-image size-large\"><img loading=\"lazy\" decoding=\"async\" width=\"1024\" height=\"683\" src=\"http:\/\/musiqueenchemin.fr\/wp-content\/uploads\/2024\/03\/P1167165-1024x683.jpg\" alt=\"\" class=\"wp-image-3598\" srcset=\"https:\/\/musiqueenchemin.fr\/wp-content\/uploads\/2024\/03\/P1167165-1024x683.jpg 1024w, https:\/\/musiqueenchemin.fr\/wp-content\/uploads\/2024\/03\/P1167165-300x200.jpg 300w, https:\/\/musiqueenchemin.fr\/wp-content\/uploads\/2024\/03\/P1167165-768x512.jpg 768w, https:\/\/musiqueenchemin.fr\/wp-content\/uploads\/2024\/03\/P1167165-1536x1024.jpg 1536w, https:\/\/musiqueenchemin.fr\/wp-content\/uploads\/2024\/03\/P1167165-2048x1365.jpg 2048w, https:\/\/musiqueenchemin.fr\/wp-content\/uploads\/2024\/03\/P1167165-50x33.jpg 50w, https:\/\/musiqueenchemin.fr\/wp-content\/uploads\/2024\/03\/P1167165-600x400.jpg 600w, https:\/\/musiqueenchemin.fr\/wp-content\/uploads\/2024\/03\/P1167165-820x547.jpg 820w\" sizes=\"auto, (max-width: 1024px) 100vw, 1024px\" \/><\/figure>\n\n\n\n<p>\u00a9 Orane Benoit <\/p>\n<\/div>\n<\/div>\n\n\n\n<div class=\"wp-block-columns is-layout-flex wp-container-core-columns-is-layout-9d6595d7 wp-block-columns-is-layout-flex\">\n<div class=\"wp-block-column is-layout-flow wp-block-column-is-layout-flow\"><\/div>\n\n\n\n<div class=\"wp-block-column is-layout-flow wp-block-column-is-layout-flow\"><\/div>\n<\/div>\n\n\n\n<div class=\"wp-block-columns is-layout-flex wp-container-core-columns-is-layout-9d6595d7 wp-block-columns-is-layout-flex\"><\/div>\n\n\n\n<h2 class=\"wp-block-heading\"><\/h2>\n","protected":false},"excerpt":{"rendered":"<p>Le Festival Musique en Chemin, \u00e0 La Romieu dans le Gers, propose des concerts, des conf\u00e9rences, des ateliers autour des musiques de r\u00e9pertoire et de cr\u00e9ation, en \u00e9cho avec les autres arts, l\u2019\u00e9cologie et&nbsp;les questions de soci\u00e9t\u00e9. C\u2019est un espace [&hellip;]<\/p>\n","protected":false},"author":1,"featured_media":3915,"parent":0,"menu_order":0,"comment_status":"closed","ping_status":"closed","template":"","meta":{"cwp_meta_box_check":"No","cwp_rev_product_name":"","cwp_rev_product_image":"","wppr_links":[],"cwp_rev_price":"","wppr_options":[],"wppr_pros":[],"wppr_cons":[],"footnotes":""},"class_list":["post-620","page","type-page","status-publish","has-post-thumbnail","hentry"],"wppr_data":{"cwp_meta_box_check":"No"},"yoast_head":"<!-- This site is optimized with the Yoast SEO plugin v25.0 - https:\/\/yoast.com\/wordpress\/plugins\/seo\/ -->\n<title>ACCUEIL -<\/title>\n<meta name=\"robots\" content=\"index, follow, max-snippet:-1, max-image-preview:large, max-video-preview:-1\" \/>\n<link rel=\"canonical\" href=\"http:\/\/musiqueenchemin.fr\/\" \/>\n<meta property=\"og:locale\" content=\"fr_FR\" \/>\n<meta property=\"og:type\" content=\"article\" \/>\n<meta property=\"og:title\" content=\"ACCUEIL -\" \/>\n<meta property=\"og:description\" content=\"Le Festival Musique en Chemin, \u00e0 La Romieu dans le Gers, propose des concerts, des conf\u00e9rences, des ateliers autour des musiques de r\u00e9pertoire et de cr\u00e9ation, en \u00e9cho avec les autres arts, l\u2019\u00e9cologie et&nbsp;les questions de soci\u00e9t\u00e9. C\u2019est un espace [&hellip;]\" \/>\n<meta property=\"og:url\" content=\"http:\/\/musiqueenchemin.fr\/\" \/>\n<meta property=\"article:modified_time\" content=\"2026-04-29T16:28:34+00:00\" \/>\n<meta property=\"og:image\" content=\"http:\/\/musiqueenchemin.fr\/wp-content\/uploads\/2025\/02\/MEC_2025-affiche-scaled.jpg\" \/>\n\t<meta property=\"og:image:width\" content=\"1847\" \/>\n\t<meta property=\"og:image:height\" content=\"2560\" \/>\n\t<meta property=\"og:image:type\" content=\"image\/jpeg\" \/>\n<meta name=\"twitter:card\" content=\"summary_large_image\" \/>\n<meta name=\"twitter:label1\" content=\"Dur\u00e9e de lecture estim\u00e9e\" \/>\n\t<meta name=\"twitter:data1\" content=\"5 minutes\" \/>\n<script type=\"application\/ld+json\" class=\"yoast-schema-graph\">{\"@context\":\"https:\/\/schema.org\",\"@graph\":[{\"@type\":\"WebPage\",\"@id\":\"http:\/\/musiqueenchemin.fr\/\",\"url\":\"http:\/\/musiqueenchemin.fr\/\",\"name\":\"ACCUEIL -\",\"isPartOf\":{\"@id\":\"http:\/\/musiqueenchemin.fr\/#website\"},\"primaryImageOfPage\":{\"@id\":\"http:\/\/musiqueenchemin.fr\/#primaryimage\"},\"image\":{\"@id\":\"http:\/\/musiqueenchemin.fr\/#primaryimage\"},\"thumbnailUrl\":\"https:\/\/musiqueenchemin.fr\/wp-content\/uploads\/2025\/02\/MEC_2025-affiche-scaled.jpg\",\"datePublished\":\"2016-05-02T07:22:27+00:00\",\"dateModified\":\"2026-04-29T16:28:34+00:00\",\"breadcrumb\":{\"@id\":\"http:\/\/musiqueenchemin.fr\/#breadcrumb\"},\"inLanguage\":\"fr-FR\",\"potentialAction\":[{\"@type\":\"ReadAction\",\"target\":[\"http:\/\/musiqueenchemin.fr\/\"]}]},{\"@type\":\"ImageObject\",\"inLanguage\":\"fr-FR\",\"@id\":\"http:\/\/musiqueenchemin.fr\/#primaryimage\",\"url\":\"https:\/\/musiqueenchemin.fr\/wp-content\/uploads\/2025\/02\/MEC_2025-affiche-scaled.jpg\",\"contentUrl\":\"https:\/\/musiqueenchemin.fr\/wp-content\/uploads\/2025\/02\/MEC_2025-affiche-scaled.jpg\",\"width\":1847,\"height\":2560},{\"@type\":\"BreadcrumbList\",\"@id\":\"http:\/\/musiqueenchemin.fr\/#breadcrumb\",\"itemListElement\":[{\"@type\":\"ListItem\",\"position\":1,\"name\":\"Accueil\",\"item\":\"http:\/\/musiqueenchemin.fr\/\"},{\"@type\":\"ListItem\",\"position\":2,\"name\":\"ACCUEIL\"}]},{\"@type\":\"WebSite\",\"@id\":\"http:\/\/musiqueenchemin.fr\/#website\",\"url\":\"http:\/\/musiqueenchemin.fr\/\",\"name\":\"Musique en Chemin\",\"description\":\"\",\"publisher\":{\"@id\":\"http:\/\/musiqueenchemin.fr\/#organization\"},\"potentialAction\":[{\"@type\":\"SearchAction\",\"target\":{\"@type\":\"EntryPoint\",\"urlTemplate\":\"http:\/\/musiqueenchemin.fr\/?s={search_term_string}\"},\"query-input\":{\"@type\":\"PropertyValueSpecification\",\"valueRequired\":true,\"valueName\":\"search_term_string\"}}],\"inLanguage\":\"fr-FR\"},{\"@type\":\"Organization\",\"@id\":\"http:\/\/musiqueenchemin.fr\/#organization\",\"name\":\"Musique en Chemin\",\"url\":\"http:\/\/musiqueenchemin.fr\/\",\"logo\":{\"@type\":\"ImageObject\",\"inLanguage\":\"fr-FR\",\"@id\":\"http:\/\/musiqueenchemin.fr\/#\/schema\/logo\/image\/\",\"url\":\"http:\/\/musiqueenchemin.fr\/wp-content\/uploads\/2024\/03\/huppe-jaune-2024.png\",\"contentUrl\":\"http:\/\/musiqueenchemin.fr\/wp-content\/uploads\/2024\/03\/huppe-jaune-2024.png\",\"width\":560,\"height\":387,\"caption\":\"Musique en Chemin\"},\"image\":{\"@id\":\"http:\/\/musiqueenchemin.fr\/#\/schema\/logo\/image\/\"}}]}<\/script>\n<!-- \/ Yoast SEO plugin. -->","yoast_head_json":{"title":"ACCUEIL -","robots":{"index":"index","follow":"follow","max-snippet":"max-snippet:-1","max-image-preview":"max-image-preview:large","max-video-preview":"max-video-preview:-1"},"canonical":"http:\/\/musiqueenchemin.fr\/","og_locale":"fr_FR","og_type":"article","og_title":"ACCUEIL -","og_description":"Le Festival Musique en Chemin, \u00e0 La Romieu dans le Gers, propose des concerts, des conf\u00e9rences, des ateliers autour des musiques de r\u00e9pertoire et de cr\u00e9ation, en \u00e9cho avec les autres arts, l\u2019\u00e9cologie et&nbsp;les questions de soci\u00e9t\u00e9. C\u2019est un espace [&hellip;]","og_url":"http:\/\/musiqueenchemin.fr\/","article_modified_time":"2026-04-29T16:28:34+00:00","og_image":[{"width":1847,"height":2560,"url":"http:\/\/musiqueenchemin.fr\/wp-content\/uploads\/2025\/02\/MEC_2025-affiche-scaled.jpg","type":"image\/jpeg"}],"twitter_card":"summary_large_image","twitter_misc":{"Dur\u00e9e de lecture estim\u00e9e":"5 minutes"},"schema":{"@context":"https:\/\/schema.org","@graph":[{"@type":"WebPage","@id":"http:\/\/musiqueenchemin.fr\/","url":"http:\/\/musiqueenchemin.fr\/","name":"ACCUEIL -","isPartOf":{"@id":"http:\/\/musiqueenchemin.fr\/#website"},"primaryImageOfPage":{"@id":"http:\/\/musiqueenchemin.fr\/#primaryimage"},"image":{"@id":"http:\/\/musiqueenchemin.fr\/#primaryimage"},"thumbnailUrl":"https:\/\/musiqueenchemin.fr\/wp-content\/uploads\/2025\/02\/MEC_2025-affiche-scaled.jpg","datePublished":"2016-05-02T07:22:27+00:00","dateModified":"2026-04-29T16:28:34+00:00","breadcrumb":{"@id":"http:\/\/musiqueenchemin.fr\/#breadcrumb"},"inLanguage":"fr-FR","potentialAction":[{"@type":"ReadAction","target":["http:\/\/musiqueenchemin.fr\/"]}]},{"@type":"ImageObject","inLanguage":"fr-FR","@id":"http:\/\/musiqueenchemin.fr\/#primaryimage","url":"https:\/\/musiqueenchemin.fr\/wp-content\/uploads\/2025\/02\/MEC_2025-affiche-scaled.jpg","contentUrl":"https:\/\/musiqueenchemin.fr\/wp-content\/uploads\/2025\/02\/MEC_2025-affiche-scaled.jpg","width":1847,"height":2560},{"@type":"BreadcrumbList","@id":"http:\/\/musiqueenchemin.fr\/#breadcrumb","itemListElement":[{"@type":"ListItem","position":1,"name":"Accueil","item":"http:\/\/musiqueenchemin.fr\/"},{"@type":"ListItem","position":2,"name":"ACCUEIL"}]},{"@type":"WebSite","@id":"http:\/\/musiqueenchemin.fr\/#website","url":"http:\/\/musiqueenchemin.fr\/","name":"Musique en Chemin","description":"","publisher":{"@id":"http:\/\/musiqueenchemin.fr\/#organization"},"potentialAction":[{"@type":"SearchAction","target":{"@type":"EntryPoint","urlTemplate":"http:\/\/musiqueenchemin.fr\/?s={search_term_string}"},"query-input":{"@type":"PropertyValueSpecification","valueRequired":true,"valueName":"search_term_string"}}],"inLanguage":"fr-FR"},{"@type":"Organization","@id":"http:\/\/musiqueenchemin.fr\/#organization","name":"Musique en Chemin","url":"http:\/\/musiqueenchemin.fr\/","logo":{"@type":"ImageObject","inLanguage":"fr-FR","@id":"http:\/\/musiqueenchemin.fr\/#\/schema\/logo\/image\/","url":"http:\/\/musiqueenchemin.fr\/wp-content\/uploads\/2024\/03\/huppe-jaune-2024.png","contentUrl":"http:\/\/musiqueenchemin.fr\/wp-content\/uploads\/2024\/03\/huppe-jaune-2024.png","width":560,"height":387,"caption":"Musique en Chemin"},"image":{"@id":"http:\/\/musiqueenchemin.fr\/#\/schema\/logo\/image\/"}}]}},"_links":{"self":[{"href":"https:\/\/musiqueenchemin.fr\/index.php\/wp-json\/wp\/v2\/pages\/620","targetHints":{"allow":["GET"]}}],"collection":[{"href":"https:\/\/musiqueenchemin.fr\/index.php\/wp-json\/wp\/v2\/pages"}],"about":[{"href":"https:\/\/musiqueenchemin.fr\/index.php\/wp-json\/wp\/v2\/types\/page"}],"author":[{"embeddable":true,"href":"https:\/\/musiqueenchemin.fr\/index.php\/wp-json\/wp\/v2\/users\/1"}],"replies":[{"embeddable":true,"href":"https:\/\/musiqueenchemin.fr\/index.php\/wp-json\/wp\/v2\/comments?post=620"}],"version-history":[{"count":424,"href":"https:\/\/musiqueenchemin.fr\/index.php\/wp-json\/wp\/v2\/pages\/620\/revisions"}],"predecessor-version":[{"id":4921,"href":"https:\/\/musiqueenchemin.fr\/index.php\/wp-json\/wp\/v2\/pages\/620\/revisions\/4921"}],"wp:featuredmedia":[{"embeddable":true,"href":"https:\/\/musiqueenchemin.fr\/index.php\/wp-json\/wp\/v2\/media\/3915"}],"wp:attachment":[{"href":"https:\/\/musiqueenchemin.fr\/index.php\/wp-json\/wp\/v2\/media?parent=620"}],"curies":[{"name":"wp","href":"https:\/\/api.w.org\/{rel}","templated":true}]}}